{"id":1606,"date":"2015-07-23T12:22:09","date_gmt":"2015-07-23T10:22:09","guid":{"rendered":"http:\/\/salon-urody.wroclaw.pl\/?page_id=1606"},"modified":"2023-02-23T15:34:48","modified_gmt":"2023-02-23T14:34:48","slug":"przedluzanie-rzes","status":"publish","type":"page","link":"https:\/\/salon-urody.wroclaw.pl\/index.php\/pielegnacja-twarzy\/przedluzanie-rzes\/","title":{"rendered":"Przed\u0142u\u017canie rz\u0119s"},"content":{"rendered":"<p>&nbsp;<\/p>\n<h3><span style=\"color: #800080;\">Przed\u0142u\u017canie rz\u0119s metod\u0105 1:1, 2D, 3D, Blink&amp;Express oraz efekt Hollywood<\/span><\/h3>\n<p><a href=\"http:\/\/salon-urody.wroclaw.pl\/wp-content\/uploads\/2015\/03\/Przed\u0142u\u017canie-rz\u0119s-Fantastic-Boby.jpg\"><img decoding=\"async\" class=\"size-medium wp-image-1589 alignleft lazyload\" data-src=\"http:\/\/salon-urody.wroclaw.pl\/wp-content\/uploads\/2015\/03\/Przed\u0142u\u017canie-rz\u0119s-Fantastic-Boby-233x300.jpg\" alt=\"Przed\u0142u\u017canie rz\u0119s Fantastic Boby\" width=\"233\" height=\"300\" data-wp-pid=\"1589\" data-srcset=\"https:\/\/salon-urody.wroclaw.pl\/wp-content\/uploads\/2015\/03\/Przed\u0142u\u017canie-rz\u0119s-Fantastic-Boby-233x300.jpg 233w, https:\/\/salon-urody.wroclaw.pl\/wp-content\/uploads\/2015\/03\/Przed\u0142u\u017canie-rz\u0119s-Fantastic-Boby-117x150.jpg 117w, https:\/\/salon-urody.wroclaw.pl\/wp-content\/uploads\/2015\/03\/Przed\u0142u\u017canie-rz\u0119s-Fantastic-Boby.jpg 666w\" data-sizes=\"(max-width: 233px) 100vw, 233px\" src=\"data:image\/svg+xml;base64,PHN2ZyB3aWR0aD0iMSIgaGVpZ2h0PSIxIiB4bWxucz0iaHR0cDovL3d3dy53My5vcmcvMjAwMC9zdmciPjwvc3ZnPg==\" style=\"--smush-placeholder-width: 233px; --smush-placeholder-aspect-ratio: 233\/300;\" \/><\/a>Niemal ka\u017cda z nas marzy o oczach pe\u0142nych blasku, kobieco\u015bci i uwodzicielskim spojrzeniu podkre\u015blonym zalotnie podwini\u0119tymi, kruczo-czarnymi rz\u0119sami.<\/p>\n<p>W naszym salonie proponujemy Paniom nowoczesne metody przed\u0142u\u017cania i zag\u0119szczania rz\u0119s. <span style=\"color: #666699;\"><strong>Metoda 1:1<\/strong>, <strong>2:1<\/strong> <strong>[2D], 3:1 [3D], efekt Hollywood, Blink &amp; Express<\/strong> oraz Semi Permanentne\u00a0<\/span>tuszowanie rz\u0119s to doskona\u0142e rozwi\u0105zanie dla kobiet pragn\u0105cych poprawi\u0107 sw\u00f3j wygl\u0105d. Wszystkie te zabiegi optycznie powi\u0119kszaj\u0105 oczy, ale przede wszystkim do oko\u0142o miesi\u0105ca pozwalaj\u0105 zapomnie\u0107 o tuszu do rz\u0119s.<\/p>\n<p>Aplikacja rz\u0119s oraz tuszowanie permanentne wykonywane jest przez profesjonaln\u0105 stylistk\u0119 z wieloletnim do\u015bwiadczeniem, a precyzja i wysoka jako\u015b\u0107 u\u017cywanych materia\u0142\u00f3w to g\u0142\u00f3wne czynniki wp\u0142ywaj\u0105ce na spektakularne efekty zabieg\u00f3w.<\/p>\n<p><span style=\"color: #666699;\"><strong>Metoda 1: 1 i 2:1, 3:1 czy efekt Hollywolld<\/strong><\/span> polega na doklejaniu jednej,dw\u00f3ch, trzech lub wi\u0119cej sztucznych rz\u0119s do jednej naturalnej. Poniewa\u017c rz\u0119sy wykonane s\u0105 z jedwabiu oraz w\u0142\u00f3kna syntetycznego wygl\u0105daj\u0105 bardzo naturalnie i nie s\u0105 sztywne.<\/p>\n<p><span style=\"color: #666699;\"><strong>Metoda Blink &amp; Express<\/strong><\/span> pozwala najszybciej uzyska\u0107 efekt zag\u0119szczenia rz\u0119s. Idealnie sprawdza si\u0119 na urlopie i utrzymuje do 2 tygodni. Stanowi tak\u017ce spektakularne uzupe\u0142nienie makija\u017cu okoliczno\u015bciowego, a na\u0142o\u017cenie trwa zaledwie 40 minut.<\/p>\n<p>Przed ka\u017cdym zabiegiem przeprowadzana jest kr\u00f3tka indywidualna rozmowa z klientk\u0105 na temat oczekiwanego efektu. Mo\u017cemy podkre\u015bli\u0107 naturalny wygl\u0105d rz\u0119s, zag\u0119\u015bci\u0107 je, wyd\u0142u\u017cy\u0107, a tak\u017ce dobra\u0107 indywidualny skr\u0119t. Dla bardziej odwa\u017cnych Pa\u0144 proponujemy rz\u0119ski kolorowe, tworz\u0105ce ciekawe refleksy lub wielokolorowe pasemka.<\/p>\n<p><a href=\"http:\/\/salon-urody.wroclaw.pl\/wp-content\/uploads\/2015\/03\/Sztuczne-rz\u0119sy-2D.jpg\"><img decoding=\"async\" class=\"size-medium wp-image-1590 alignright lazyload\" data-src=\"http:\/\/salon-urody.wroclaw.pl\/wp-content\/uploads\/2015\/03\/Sztuczne-rz\u0119sy-2D-300x172.jpg\" alt=\"Sztuczne rz\u0119sy 2D\" width=\"300\" height=\"172\" data-wp-pid=\"1590\" data-srcset=\"https:\/\/salon-urody.wroclaw.pl\/wp-content\/uploads\/2015\/03\/Sztuczne-rz\u0119sy-2D-300x172.jpg 300w, https:\/\/salon-urody.wroclaw.pl\/wp-content\/uploads\/2015\/03\/Sztuczne-rz\u0119sy-2D-150x86.jpg 150w, https:\/\/salon-urody.wroclaw.pl\/wp-content\/uploads\/2015\/03\/Sztuczne-rz\u0119sy-2D-550x315.jpg 550w, https:\/\/salon-urody.wroclaw.pl\/wp-content\/uploads\/2015\/03\/Sztuczne-rz\u0119sy-2D.jpg 745w\" data-sizes=\"(max-width: 300px) 100vw, 300px\" src=\"data:image\/svg+xml;base64,PHN2ZyB3aWR0aD0iMSIgaGVpZ2h0PSIxIiB4bWxucz0iaHR0cDovL3d3dy53My5vcmcvMjAwMC9zdmciPjwvc3ZnPg==\" style=\"--smush-placeholder-width: 300px; --smush-placeholder-aspect-ratio: 300\/172;\" \/><\/a>Doklejone rz\u0119sy utrzymuj\u0105 si\u0119 na oku od 4 do 6 tygodni. Jest to czas do wypadni\u0119cia ostatniej doklejonej rz\u0119sy, dlatego te\u017c uzupe\u0142nianie powinno by\u0107 wykonywane co ok. 3 tygodnie.<\/p>\n<p>Aplikacja jest ca\u0142kowicie bezbolesna, wykonywana w pozycji le\u017c\u0105cej na zamkni\u0119tym oku i trwa od 1,5 do 2 godzin. Ca\u0142o\u015b\u0107 zabiegu przebiega w mi\u0142ej atmosferze, pozwalaj\u0105cej na relaks i odpoczynek od codzienno\u015bci.<\/p>\n<p>Jak dba\u0107 o sztuczne rz\u0119sy?<\/p>\n<ul>\n<li>nie przecieramy oczu i powiek, nie skubiemy rz\u0119s i ich nie wyrywamy<\/li>\n<li>przy demakija\u017cu oczu zwracamy uwag\u0119 by u\u017cywane kosmetyki nie zawiera\u0142y olei i t\u0142uszczy, kt\u00f3re mog\u0142yby rozpu\u015bci\u0107 klej u\u017cywany do przed\u0142u\u017cania rz\u0119s<\/li>\n<li>w ci\u0105gu pierwszej doby po zabiegu, do oczu nie mo\u017ce dosta\u0107 si\u0119 wilgo\u0107; zbyt du\u017ca wilgotno\u015b\u0107 mog\u0142aby spowodowa\u0107 uszkodzenie wi\u0105za\u0144 kleju<\/li>\n<li>je\u017celi istnieje taka mo\u017cliwo\u015b\u0107, najlepiej unika\u0107 spania na brzuchu z twarz\u0105 w poduszce<\/li>\n<li>rz\u0119sy nale\u017cy regularnie przemywa\u0107 letni\u0105 wod\u0105, aby oczy\u015bci\u0107 je z zabrudze\u0144 i t\u0142uszczu<\/li>\n<\/ul>\n<p><span style=\"color: #666699;\"><strong>Semi Permanent Mascara to innowacyjna metoda stylizacji rz\u0119s<\/strong><\/span><\/p>\n<p>Jest \u015bwietn\u0105 alternatyw\u0105 dla Pa\u0144 zapracowanych, kt\u00f3re potrzebuj\u0105 bardzo wyrazistego wygl\u0105du oka, ale nie maj\u0105 ochoty martwi\u0107 si\u0119 o makija\u017c. Poniewa\u017c jest w 100% wodoodporna stanowi idealne rozwi\u0105zanie dla os\u00f3b aktywnych fizycznie &#8211; korzystaj\u0105cych z basenu lub si\u0142owni.<\/p>\n<p>Najwi\u0119ksz\u0105 zalet\u0105 tej metody jest kr\u00f3tki czas aplikacji (oko\u0142o 30 minut), oraz wyra\u017any i sprawiaj\u0105cy du\u017ce wra\u017cenie efekt.<\/p>\n<p>Trwa\u0142e tuszowanie wykonuje si\u0119 na rz\u0119sy g\u00f3rne w pozycji le\u017c\u0105cej na zamkni\u0119tym oku, a na rz\u0119sy dolne w pozycji siedz\u0105cej na otwartym oku. Wytrzyma\u0142o\u015b\u0107 zabiegu metod\u0105 SPM wynosi oko\u0142o 3 tygodni. Po up\u0142ywie tego czasu tusz nale\u017cy profesjonalnie zdj\u0105\u0107. Nie ma przeszk\u00f3d by zabieg powt\u00f3rzy\u0107 ponownie.<\/p>\n<p>Semi Permanentne tuszowanie rz\u0119s jest ca\u0142kowicie bezpieczne. Mascara u\u017cywana do zabiegu jest \u0142agodna, bezwonna i nie podra\u017cnia oczu. Po aplikacji rz\u0119sy s\u0105 lekkie, wygl\u0105daj\u0105 naturalnie i nie ma potrzeby ich tuszowania.<\/p>\n<p>U\u017cyty w tej metodzie preparat nie toleruje krem\u00f3w, mleczek, czy olejk\u00f3w oraz zbyt wysokich temperatur (solarium, sauna). Rz\u0119sy podczas snu staramy si\u0119 nie przygniata\u0107. Nale\u017cy ograniczy\u0107 tarcie oczu, a 48 godzin od aplikacji unika\u0107 kontaktu rz\u0119s z wod\u0105. Nie jest zalecany w przypadku chor\u00f3b sk\u00f3ry w okolicach oczu, infekcji powiek lub nawykowego skubania rz\u0119s.<\/p>\n<p><a href=\"http:\/\/salon-urody.wroclaw.pl\/wp-content\/uploads\/2015\/03\/Zag\u0119szczanie-rz\u0119s-Wroc\u0142aw.jpg\"><img decoding=\"async\" class=\"size-medium wp-image-1591 alignleft lazyload\" data-src=\"http:\/\/salon-urody.wroclaw.pl\/wp-content\/uploads\/2015\/03\/Zag\u0119szczanie-rz\u0119s-Wroc\u0142aw-207x300.jpg\" alt=\"Zag\u0119szczanie rz\u0119s Wroc\u0142aw\" width=\"207\" height=\"300\" data-wp-pid=\"1591\" data-srcset=\"https:\/\/salon-urody.wroclaw.pl\/wp-content\/uploads\/2015\/03\/Zag\u0119szczanie-rz\u0119s-Wroc\u0142aw-207x300.jpg 207w, https:\/\/salon-urody.wroclaw.pl\/wp-content\/uploads\/2015\/03\/Zag\u0119szczanie-rz\u0119s-Wroc\u0142aw-104x150.jpg 104w, https:\/\/salon-urody.wroclaw.pl\/wp-content\/uploads\/2015\/03\/Zag\u0119szczanie-rz\u0119s-Wroc\u0142aw.jpg 396w\" data-sizes=\"(max-width: 207px) 100vw, 207px\" src=\"data:image\/svg+xml;base64,PHN2ZyB3aWR0aD0iMSIgaGVpZ2h0PSIxIiB4bWxucz0iaHR0cDovL3d3dy53My5vcmcvMjAwMC9zdmciPjwvc3ZnPg==\" style=\"--smush-placeholder-width: 207px; --smush-placeholder-aspect-ratio: 207\/300;\" \/><\/a><\/p>\n<p>Przed\u0142u\u017canie i zag\u0119szczanie rz\u0119s przedstawionymi metodami, wykonywane w naszym salonie jest ca\u0142kowicie bezpieczne. Wszystkie produkty s\u0105 przebadanie dermatologicznie, farmaceutycznie i okulistyczne co sprawia \u017ce s\u0105 one bezpieczne dla oka i nie niszcz\u0105 rz\u0119s naturalnych.<\/p>\n<p>&nbsp;<\/p>\n","protected":false},"excerpt":{"rendered":"<p>&nbsp; Przed\u0142u\u017canie rz\u0119s metod\u0105 1:1, 2D, 3D, Blink&amp;Express oraz efekt Hollywood Niemal ka\u017cda z nas marzy o oczach pe\u0142nych blasku, kobieco\u015bci i uwodzicielskim spojrzeniu podkre\u015blonym zalotnie podwini\u0119tymi, kruczo-czarnymi rz\u0119sami. W naszym salonie proponujemy Paniom nowoczesne metody przed\u0142u\u017cania i zag\u0119szczania rz\u0119s. Metoda 1:1, 2:1 [2D], 3:1 [3D], efekt Hollywood, Blink &amp; Express oraz Semi Permanentne\u00a0tuszowanie rz\u0119s [&hellip;]<\/p>\n","protected":false},"author":1,"featured_media":1590,"parent":113,"menu_order":0,"comment_status":"closed","ping_status":"open","template":"","meta":{"_uf_show_specific_survey":0,"_uf_disable_surveys":false,"__cvm_playback_settings":[],"__cvm_video_id":"","_glsr_average":0,"_glsr_ranking":0,"_glsr_reviews":0,"footnotes":""},"class_list":["post-1606","page","type-page","status-publish","has-post-thumbnail","czr-hentry"],"aioseo_notices":[],"_links":{"self":[{"href":"https:\/\/salon-urody.wroclaw.pl\/index.php\/wp-json\/wp\/v2\/pages\/1606","targetHints":{"allow":["GET"]}}],"collection":[{"href":"https:\/\/salon-urody.wroclaw.pl\/index.php\/wp-json\/wp\/v2\/pages"}],"about":[{"href":"https:\/\/salon-urody.wroclaw.pl\/index.php\/wp-json\/wp\/v2\/types\/page"}],"author":[{"embeddable":true,"href":"https:\/\/salon-urody.wroclaw.pl\/index.php\/wp-json\/wp\/v2\/users\/1"}],"replies":[{"embeddable":true,"href":"https:\/\/salon-urody.wroclaw.pl\/index.php\/wp-json\/wp\/v2\/comments?post=1606"}],"version-history":[{"count":0,"href":"https:\/\/salon-urody.wroclaw.pl\/index.php\/wp-json\/wp\/v2\/pages\/1606\/revisions"}],"up":[{"embeddable":true,"href":"https:\/\/salon-urody.wroclaw.pl\/index.php\/wp-json\/wp\/v2\/pages\/113"}],"wp:featuredmedia":[{"embeddable":true,"href":"https:\/\/salon-urody.wroclaw.pl\/index.php\/wp-json\/wp\/v2\/media\/1590"}],"wp:attachment":[{"href":"https:\/\/salon-urody.wroclaw.pl\/index.php\/wp-json\/wp\/v2\/media?parent=1606"}],"curies":[{"name":"wp","href":"https:\/\/api.w.org\/{rel}","templated":true}]}}