{"id":160,"date":"2014-12-12T16:39:03","date_gmt":"2014-12-12T15:39:03","guid":{"rendered":"http:\/\/salon-urody.wroclaw.pl\/?page_id=160"},"modified":"2017-12-14T21:56:04","modified_gmt":"2017-12-14T20:56:04","slug":"promocje","status":"publish","type":"page","link":"https:\/\/salon-urody.wroclaw.pl\/index.php\/promocje\/","title":{"rendered":"Promocje"},"content":{"rendered":"<p><a href=\"http:\/\/salon-urody.wroclaw.pl\/index.php\/promocje\/ostatni-dzwonek\/\"><strong>Letnie\u00a0Metamorfozy<\/strong><\/a><\/p>\n<hr \/>\n<p><strong><a href=\"http:\/\/salon-urody.wroclaw.pl\/index.php\/vouchery-upominkowe\/\">VOUCHERY UPOMINKOWE<\/a><\/strong><\/p>\n<hr \/>\n<p><a href=\"http:\/\/salon-urody.wroclaw.pl\/index.php\/promocje\/programy-lojalnosciowe\/\"><strong>Razem ra\u017aniej<\/strong><\/a><\/p>\n<hr \/>\n<p><a href=\"http:\/\/salon-urody.wroclaw.pl\/index.php\/promocje\/panna-mloda\/\"><strong>Panna M\u0142oda<\/strong><\/a><\/p>\n<hr \/>\n<p>&nbsp;<\/p>\n<p>Pakiet VIP &#8211; 6 zabieg\u00f3w: zimny laser + endermologie (w sumie 12 zabieg\u00f3w) &#8211; 790 z\u0142 zamiast 1434 z\u0142<\/p>\n<p>Uderzeniowa fala lipo lasera z fal\u0105 radiow\u0105 RF oraz podczerwieni\u0105 w po\u0142\u0105czeniu z podci\u015bnieniem redukuje tkank\u0119 t\u0142uszczow\u0105 i cellulit, a dodatkowo modeluje sylwetk\u0119.<\/p>\n<p><a title=\"Vella Slim\" href=\"http:\/\/salon-urody.wroclaw.pl\/index.php\/pielegnacja-ciala\/vella-slim\/\"><img decoding=\"async\" class=\"alignnone wp-image-129 lazyload\" data-src=\"http:\/\/salon-urody.wroclaw.pl\/wp-content\/uploads\/2014\/09\/zabieg-Vella-Slim-brzuch-small-300x199.jpg\" alt=\"zabieg Vella Slim - brzuch\" width=\"235\" height=\"156\" data-srcset=\"https:\/\/salon-urody.wroclaw.pl\/wp-content\/uploads\/2014\/09\/zabieg-Vella-Slim-brzuch-small-300x199.jpg 300w, https:\/\/salon-urody.wroclaw.pl\/wp-content\/uploads\/2014\/09\/zabieg-Vella-Slim-brzuch-small-150x100.jpg 150w, https:\/\/salon-urody.wroclaw.pl\/wp-content\/uploads\/2014\/09\/zabieg-Vella-Slim-brzuch-small.jpg 858w\" data-sizes=\"(max-width: 235px) 100vw, 235px\" src=\"data:image\/svg+xml;base64,PHN2ZyB3aWR0aD0iMSIgaGVpZ2h0PSIxIiB4bWxucz0iaHR0cDovL3d3dy53My5vcmcvMjAwMC9zdmciPjwvc3ZnPg==\" style=\"--smush-placeholder-width: 235px; --smush-placeholder-aspect-ratio: 235\/156;\" \/><\/a>\u00a0 \u00a0+ \u00a0\u00a0<a title=\"Lipo Laser\" href=\"http:\/\/salon-urody.wroclaw.pl\/index.php\/pielegnacja-ciala\/lipo-laser\/\"><img decoding=\"async\" class=\"alignnone wp-image-47 lazyload\" data-src=\"http:\/\/salon-urody.wroclaw.pl\/wp-content\/uploads\/2014\/08\/Lipo_laser-300x300.jpg\" alt=\"Lipo_laser\" width=\"157\" height=\"157\" src=\"data:image\/svg+xml;base64,PHN2ZyB3aWR0aD0iMSIgaGVpZ2h0PSIxIiB4bWxucz0iaHR0cDovL3d3dy53My5vcmcvMjAwMC9zdmciPjwvc3ZnPg==\" style=\"--smush-placeholder-width: 157px; --smush-placeholder-aspect-ratio: 157\/157;\" \/><\/a><\/p>\n<p>Rezerwuj <a href=\"https:\/\/instytut.versum.com\/services\/147205\" target=\"_blank\" rel=\"noopener noreferrer\">on-line<\/a><\/p>\n<hr \/>\n<p><strong>Manicure\u00a0<\/strong>i piel\u0119gnacja d\u0142oni &#8211; pozosta\u0142e promocje<\/p>\n<p>Zmys\u0142owe ceremonie od\u017cywiaj\u0105ce przesuszon\u0105 sk\u00f3r\u0119 d\u0142oni.<\/p>\n<p>D\u0142onie nale\u017c\u0105 do najbardziej widocznych atrybut\u00f3w urody. Wypiel\u0119gnowane stanowi\u0105\u00a0wizyt\u00f3wk\u0119 ka\u017cdej kobiety.<br \/>\nWra\u017cliwa sk\u00f3ra d\u0142oni, pozbawiona pod\u015bci\u00f3\u0142ki t\u0142uszczowej, uboga we w\u0142\u00f3kna kolagenowe\u00a0i elastyn\u0119, jest bardziej ni\u017c inne cz\u0119\u015bci cia\u0142a nara\u017cona na szkodliwe dzia\u0142anie \u015brodk\u00f3w\u00a0chemicznych i wp\u0142yw\u00f3w atmosferycznych. Ma te\u017c niewiele gruczo\u0142\u00f3w \u0142ojowych, dlatego\u00a0naturalna ochronna warstwa \u0142oju jest na niej bardzo cienka. W dodatku jest nieustannie\u00a0zmywana. Wskutek tego sk\u00f3ra d\u0142oni \u0142atwo ulega przesuszeniu, a procesy starzenia szybciej\u00a0s\u0105 widoczne. Dzi\u0119ki kompleksowym i profesjonalnym zabiegom sprawimy, \u017ce Twoje d\u0142onie\u00a0b\u0119d\u0105 wspaniale od\u017cywione<br \/>\ni niewiarygodnie g\u0142adkie.<\/p>\n<p><strong>Hydro &#8211; Nawil\u017cenie<br \/>\n<\/strong>Kuracja peelingiem enzymatycznym rozpuszczaj\u0105ca przesuszon\u0105\u00a0warstw\u0119 rogow\u0105 nask\u00f3rka uzupe\u0142niona wmasowaniem od\u017cywczego serum i k\u0105piel\u0105 parafinow\u0105 na ciep\u0142o. Efekt zabiegu w postaci\u00a0g\u0142adkiej, wypiel\u0119gnowanej sk\u00f3ry utrzymuje si\u0119 do kilku dni.<\/p>\n<p>Promocja: <del>89 z\u0142<\/del> \u2013 49 z\u0142<\/p>\n<hr \/>\n<p><strong>Anti &#8211; Age Hand Spa<\/strong> [<em><strong>Oxybrazja +Mezoterapia bezig\u0142owa<\/strong><\/em>]<\/p>\n<p>To luksusowy zabieg odm\u0142adzaj\u0105cy wiotk\u0105 sk\u00f3r\u0119\u00a0d\u0142oni.\u00a0Dzi\u0119ki zastosowaniu spr\u0119\u017conego powietrza i soli\u00a0fizjologicznej rozpylanej pod ci\u015bnieniem\u00a0z\u0142uszczamy przesuszony nask\u00f3rek, nawadniamy\u00a0i poprawiamy koloryt sk\u00f3ry, a tak\u017ce rozja\u015bniamy\u00a0drobne przebarwienia.<br \/>\nNast\u0119pnie dzi\u0119ki mezoterapii wt\u0142aczamy ampu\u0142k\u0119\u00a0regeneruj\u0105c\u0105, kt\u00f3ra aktywnie niweluje oznaki\u00a0starzenia si\u0119 sk\u00f3ry.<\/p>\n<p>Promocja: <del>129z\u0142<\/del> \u2013 99z\u0142<\/p>\n","protected":false},"excerpt":{"rendered":"<p>Letnie\u00a0Metamorfozy VOUCHERY UPOMINKOWE Razem ra\u017aniej Panna M\u0142oda &nbsp; Pakiet VIP &#8211; 6 zabieg\u00f3w: zimny laser + endermologie (w sumie 12 zabieg\u00f3w) &#8211; 790 z\u0142 zamiast 1434 z\u0142 Uderzeniowa fala lipo lasera z fal\u0105 radiow\u0105 RF oraz podczerwieni\u0105 w po\u0142\u0105czeniu z podci\u015bnieniem redukuje tkank\u0119 t\u0142uszczow\u0105 i cellulit, a dodatkowo modeluje sylwetk\u0119. \u00a0 \u00a0+ \u00a0\u00a0 Rezerwuj on-line [&hellip;]<\/p>\n","protected":false},"author":1,"featured_media":0,"parent":0,"menu_order":0,"comment_status":"open","ping_status":"open","template":"","meta":{"_uf_show_specific_survey":0,"_uf_disable_surveys":false,"__cvm_playback_settings":[],"__cvm_video_id":"","_glsr_average":0,"_glsr_ranking":0,"_glsr_reviews":0,"footnotes":""},"class_list":["post-160","page","type-page","status-publish","czr-hentry"],"aioseo_notices":[],"_links":{"self":[{"href":"https:\/\/salon-urody.wroclaw.pl\/index.php\/wp-json\/wp\/v2\/pages\/160","targetHints":{"allow":["GET"]}}],"collection":[{"href":"https:\/\/salon-urody.wroclaw.pl\/index.php\/wp-json\/wp\/v2\/pages"}],"about":[{"href":"https:\/\/salon-urody.wroclaw.pl\/index.php\/wp-json\/wp\/v2\/types\/page"}],"author":[{"embeddable":true,"href":"https:\/\/salon-urody.wroclaw.pl\/index.php\/wp-json\/wp\/v2\/users\/1"}],"replies":[{"embeddable":true,"href":"https:\/\/salon-urody.wroclaw.pl\/index.php\/wp-json\/wp\/v2\/comments?post=160"}],"version-history":[{"count":0,"href":"https:\/\/salon-urody.wroclaw.pl\/index.php\/wp-json\/wp\/v2\/pages\/160\/revisions"}],"wp:attachment":[{"href":"https:\/\/salon-urody.wroclaw.pl\/index.php\/wp-json\/wp\/v2\/media?parent=160"}],"curies":[{"name":"wp","href":"https:\/\/api.w.org\/{rel}","templated":true}]}}