{"id":15,"date":"2014-08-14T18:13:18","date_gmt":"2014-08-14T16:13:18","guid":{"rendered":"http:\/\/salon-urody.wroclaw.pl\/?page_id=15"},"modified":"2025-11-28T18:55:19","modified_gmt":"2025-11-28T17:55:19","slug":"kriolipoliza","status":"publish","type":"page","link":"https:\/\/salon-urody.wroclaw.pl\/index.php\/kriolipoliza\/","title":{"rendered":"Kriolipoliza"},"content":{"rendered":"<h1 style=\"text-align: center; color: #d6336c;\"><strong>Kriolipoliza &#8211; Bezbolesne Odchudzanie we Wroc\u0142awiu<\/strong><\/h1>\n<h2 style=\"text-align: center;\">Kriolipoliza w Fantastic Body \u2013 efekty ju\u017c po pierwszym zabiegu!<\/h2>\n<p>&nbsp;<\/p>\n<p style=\"text-align: center;\"><a style=\"background: #D6336C; color: #fff; padding: 15px 25px; text-decoration: none; font-size: 18px; border-radius: 5px;\" href=\"https:\/\/instytut27.booksy.com\">Rezerwuj przez Booksy<\/a><\/p>\n<h3>\ud83d\udd2c Co to jest kriolipoliza?<\/h3>\n<p>Selektywne ch\u0142odzenie tkanki t\u0142uszczowej, kt\u00f3re prowadzi do trwa\u0142ego jej usuni\u0119cia \u2013 bez b\u00f3lu, skalpela i rekonwalescencji.<\/p>\n<h3>\u2705 Efekty ju\u017c po 1 sesji<\/h3>\n<p>\u015arednio -20\u201330\u202f% tkanki t\u0142uszczowej z obszaru: brzuch, boczki, uda, po\u015bladki czy podbr\u00f3dek.<\/p>\n<h3>\ud83d\udc69 Efekty \u201eprzed i po\u201d<\/h3>\n<p><img decoding=\"async\" data-src=\"https:\/\/salon-urody.wroclaw.pl\/wp-content\/uploads\/2019\/09\/thermogenique-efekt-bok-300x300.jpg\" alt=\"Kriolipoliza - Salon Urody Fantastic Body Wroc\u0142aw \" width=\"300\" height=\"300\" src=\"data:image\/svg+xml;base64,PHN2ZyB3aWR0aD0iMSIgaGVpZ2h0PSIxIiB4bWxucz0iaHR0cDovL3d3dy53My5vcmcvMjAwMC9zdmciPjwvc3ZnPg==\" class=\"lazyload\" style=\"--smush-placeholder-width: 300px; --smush-placeholder-aspect-ratio: 300\/300;\" \/><\/p>\n<h3>\u2699\ufe0f Dlaczego w\u0142a\u015bnie Fantastic Body?<\/h3>\n<ul>\n<li>Profesjonalny sprz\u0119t i certyfikowane procedury<\/li>\n<li>Do\u015bwiadczeni kosmetolodzy<\/li>\n<li>Ocena 5.0 na Booksy + ponad 2000 opinii<\/li>\n<\/ul>\n<h3>\ud83d\udcb0 Cennik i promocja<\/h3>\n<p>Pierwszy zabieg od <strong>350\u202fz\u0142<\/strong><br \/>\nPakiety 3+1 gratis<\/p>\n<p><a style=\"background: #444; color: #fff; padding: 12px 20px; text-decoration: none; font-size: 16px; border-radius: 5px; margin-right: 10px;\" href=\"tel:+48505455777\">\u00a0 Zadzwo\u0144 teraz\u00a0\u00a0\u00a0\u00a0<\/a>\u00a0<a style=\"background: #D6336C; color: #fff; padding: 12px 20px; text-decoration: none; font-size: 16px; border-radius: 5px;\" href=\"https:\/\/instytut27.booksy.com\">\u00a0\u00a0 \u00a0Rezerwuj online<\/a><\/p>\n<h3>\u2753 Cz\u0119sto zadawane pytania<\/h3>\n<p><strong>Czy boli?<\/strong> Klient zazwyczaj obserwuje przyjemne uczucie mro\u017cenia, kt\u00f3re szybko ust\u0119puje<br \/>\n<strong>Ile zabieg\u00f3w?<\/strong> Zwykle 2\u20133 w odst\u0119pach 4\u20136 tygodni<br \/>\n<strong>Przeciwwskazania?<\/strong> Ci\u0105\u017ca, Raynaud, nieuregulowana cukrzyca \u2013 szczeg\u00f3\u0142y w gabinecie<\/p>\n<h3>\ud83d\uddfa\ufe0f Nasz adres<\/h3>\n<p>Instytut Urody Fantastic Body<br \/>\nul. Legnicka 72, 54-234 Wroc\u0142aw<br \/>\ntel: +48 505 455 777<\/p>\n<p style=\"text-align: center; font-size: 14px; color: #666;\"><a style=\"font-family: 'Open Sans'; font-size: 16px; font-weight: inherit;\" href=\"tel:+48505455777\">Zadzwo\u0144 teraz<\/a><\/p>\n<h3><strong>Kriolipoliza &#8211; nowoczesna metoda redukcji tkanki t\u0142uszczowej<\/strong><\/h3>\n<div id=\"attachment_16\" style=\"width: 310px\" class=\"wp-caption alignright\"><img decoding=\"async\" aria-describedby=\"caption-attachment-16\" class=\"wp-image-16 size-medium lazyload\" title=\"Kriolipoliza_Wroc\u0142aw\" data-src=\"http:\/\/salon-urody.wroclaw.pl\/wp-content\/uploads\/2014\/08\/cryo2-300x192.jpg\" alt=\"Kriolipoliza - Salon Wroc\u0142aw\" width=\"300\" height=\"192\" data-srcset=\"https:\/\/salon-urody.wroclaw.pl\/wp-content\/uploads\/2014\/08\/cryo2-300x192.jpg 300w, https:\/\/salon-urody.wroclaw.pl\/wp-content\/uploads\/2014\/08\/cryo2-150x96.jpg 150w, https:\/\/salon-urody.wroclaw.pl\/wp-content\/uploads\/2014\/08\/cryo2-1024x655.jpg 1024w, https:\/\/salon-urody.wroclaw.pl\/wp-content\/uploads\/2014\/08\/cryo2.jpg 1242w\" data-sizes=\"(max-width: 300px) 100vw, 300px\" src=\"data:image\/svg+xml;base64,PHN2ZyB3aWR0aD0iMSIgaGVpZ2h0PSIxIiB4bWxucz0iaHR0cDovL3d3dy53My5vcmcvMjAwMC9zdmciPjwvc3ZnPg==\" style=\"--smush-placeholder-width: 300px; --smush-placeholder-aspect-ratio: 300\/192;\" \/><p id=\"caption-attachment-16\" class=\"wp-caption-text\">Kriolipoliza<\/p><\/div>\n<p style=\"text-align: left;\">Od lat 80 i 90 XX wieku, gdy ogromnym zainteresowaniem zacz\u0119\u0142y cieszy\u0107 si\u0119 zabiegi chirurgicznego odsysania <em>tkanki t\u0142uszczowej,<\/em> uwaga lekarzy skupi\u0142a si\u0119 na tym, jak podobne efekty uzyska\u0107 w spos\u00f3b mniej radykalny.<\/p>\n<p>Prze\u0142omem okaza\u0142y si\u0119 opublikowane w 2008 roku wyniki bada\u0144 naukowc\u00f3w z Harvard Medical School potwierdzaj\u0105ce,\u00a0\u017ce kom\u00f3rki t\u0142uszczowe s\u0105 wyj\u0105tkowo wra\u017cliwe na zimno, a sch\u0142odzenie podsk\u00f3rnej tkanki t\u0142uszczowej prowadzi do jej miejscowej redukcji nie powoduj\u0105c przy tym uszkodze\u0144 sk\u00f3ry i tkanek s\u0105siednich.<\/p>\n<p>Moment ten uznano za narodziny <strong><span style=\"color: #808080;\"><em>kriolipolizy<\/em><\/span><\/strong> \u2013 bezinwazyjnej, skutecznej i bezpiecznej metody selektywnej redukcji tkanki t\u0142uszczowej. Prowadzone w kolejnych latach badania potwierdzi\u0142y r\u00f3wnie\u017c wysok\u0105 efektywno\u015b\u0107 tej metody w redukcji <span style=\"color: #808080;\"><strong>cellulitu<\/strong><\/span>. Obecnie przez wielu specjalist\u00f3w z dziedziny medycyny estetycznej i kosmetologii <span style=\"color: #808080;\"><strong>kriolipoliza<\/strong><\/span> uwa\u017cana jest za jedn\u0105 z<\/p>\n<h4 style=\"text-align: left;\">najlepszych metod miejscowego modelowania sylwetki<\/h4>\n<p style=\"text-align: left;\"><span style=\"color: #808080;\"><strong><em>Zabiegi kriolipolizy<\/em><\/strong><\/span> polecane s\u0105 szczeg\u00f3lnie osobom z niewielkimi lub umiarkowanymi depozytami t\u0142uszczowymi zlokalizowanymi w obr\u0119bie brzucha, \u201eboczk\u00f3w\u201d, plec\u00f3w i ud, kt\u00f3rych mimo stosowania diet i innych metod odchudzania nie uda\u0142o si\u0119 pozby\u0107. Cho\u0107 mechanizm dzia\u0142ania jest zupe\u0142nie inny ni\u017c w przypadku liposukcji czy lipolizy iniekcyjnej, nierzadko <span style=\"color: #808080;\"><strong>kriolipoliza<\/strong><\/span> przedstawiana jest jako alternatywa dla tych metod. Zwi\u0105zane jest to z jej wyj\u0105tkow\u0105 skuteczno\u015bci\u0105 i bezpiecze\u0144stwem.<\/p>\n<div id=\"attachment_337\" style=\"width: 259px\" class=\"wp-caption alignleft\"><img decoding=\"async\" aria-describedby=\"caption-attachment-337\" class=\"wp-image-337 size-medium lazyload\" title=\"kriolipoliza_wroc\u0142aw\" data-src=\"http:\/\/salon-urody.wroclaw.pl\/wp-content\/uploads\/2014\/08\/Kriolipoliza-uda-249x300.jpg\" alt=\"Kriolipoliza-uda\" width=\"249\" height=\"300\" data-srcset=\"https:\/\/salon-urody.wroclaw.pl\/wp-content\/uploads\/2014\/08\/Kriolipoliza-uda-249x300.jpg 249w, https:\/\/salon-urody.wroclaw.pl\/wp-content\/uploads\/2014\/08\/Kriolipoliza-uda-124x150.jpg 124w, https:\/\/salon-urody.wroclaw.pl\/wp-content\/uploads\/2014\/08\/Kriolipoliza-uda-849x1024.jpg 849w, https:\/\/salon-urody.wroclaw.pl\/wp-content\/uploads\/2014\/08\/Kriolipoliza-uda.jpg 1699w\" data-sizes=\"(max-width: 249px) 100vw, 249px\" src=\"data:image\/svg+xml;base64,PHN2ZyB3aWR0aD0iMSIgaGVpZ2h0PSIxIiB4bWxucz0iaHR0cDovL3d3dy53My5vcmcvMjAwMC9zdmciPjwvc3ZnPg==\" style=\"--smush-placeholder-width: 249px; --smush-placeholder-aspect-ratio: 249\/300;\" \/><p id=\"caption-attachment-337\" class=\"wp-caption-text\">Zabiegi kriolipolizy we Wroc\u0142awiu<\/p><\/div>\n<h4><a href=\"https:\/\/salon-urody.wroclaw.pl\/index.php\/pielegnacja-ciala\/kriolipoliza\/\"><span style=\"color: #333333;\">Zabieg <strong>kriolipolizy <\/strong>w naszym Instytucie we<strong> Wroc\u0142awiu<\/strong><\/span><\/a><\/h4>\n<p>polega na kontrolowanym obni\u017ceniu temperatury wybranego obszaru cia\u0142a za pomoc\u0105 urz\u0105dzenia wyposa\u017conego w specjalne aplikatory ch\u0142odz\u0105ce. Spektrum oddzia\u0142ywania niskich temperatur ustalane jest indywidualnie w zale\u017cno\u015bci od miejsca przy\u0142o\u017cenia. Zasysany przez aparat fa\u0142d sk\u00f3rny poddawany jest dzia\u0142aniu niskiej temperatury. Wra\u017cliwe na zimno kom\u00f3rki podsk\u00f3rnej tkanki t\u0142uszczowej &#8211;\u00a0 adipocyty, ulegaj\u0105 uszkodzeniu i zniszczeniu, a nast\u0119pnie wraz z uwolnionymi z nich substancjami w przeci\u0105gu kolejnych tygodni zostaj\u0105 stopniowo usuni\u0119te z organizmu.<\/p>\n<h5>Proces eliminacji nagromadzonego t\u0142uszczu trwa od dw\u00f3ch do czterech miesi\u0119cy<\/h5>\n<p>Na efekty zabiegu trzeba wi\u0119c poczeka\u0107. Ale to czekanie si\u0119 op\u0142aca \u2013 jak wykazuj\u0105 badania, \u015bredni ubytek podsk\u00f3rnej tkanki t\u0142uszczowej ju\u017c po jednym zabiegu to 20 \u2013 25%.<\/p>\n<p>Zabieg jest bezbolesny. Dysponujemy profesjonalnymi, certyfikowanymi urz\u0105dzeniami o zr\u00f3\u017cnicowanych wielko\u015bciach g\u0142owic. Najwi\u0119ksze z nich s\u0105 w stanie zassa\u0107 od 40-60% wi\u0119cej tkanki t\u0142uszczowej ni\u017c w standardowych modelach urz\u0105dze\u0144 do kriolipolizy (warto na to zwr\u00f3ci\u0107 uwag\u0119 przy wyborze gabinetu kosmetycznego oferuj\u0105cego us\u0142ug\u0119 <span style=\"color: #808080;\"><strong><em>kriolipolizy<\/em><\/strong><\/span>).<\/p>\n<p>Idealnie sprawdzaj\u0105 si\u0119 w wyszczuplaniu okolic brzucha i talii, sprzyjaj\u0105 tak\u017ce znacznemu zmniejszeniu obwod\u00f3w ud. Istnieje r\u00f3wnie\u017c mo\u017cliwo\u015b\u0107 modelowania partii wyj\u0105tkowo trudnych przy pomocy mniejszych g\u0142owic, przeznaczonych do redukowania tkanki t\u0142uszczowej na ramionach czy nad kolanami.<\/p>\n<p><span style=\"color: #808080;\"><strong>Zabieg kriolipolizy<\/strong><\/span> trwa w zale\u017cno\u015bci od okolicy cia\u0142a i ilo\u015bci przy\u0142o\u017ce\u0144 trwa od 70 minut do 150 minut.<\/p>\n<p>W opublikowanym w 2013 roku w Dermatologic Surgery artykule, \u00a0Christine C. Dierick, Jean-Michel Mazer i wsp. uwzgl\u0119dnili ocen\u0119 satysfakcji po zabiegach <span style=\"color: #808080;\"><strong>kriolipolizy<\/strong><\/span>. Spo\u015br\u00f3d 243 badanych, kt\u00f3rzy w latach 2009 \u2013 2012 korzystali z zabieg\u00f3w w o\u015brodkach w Belgii i Francji 73% efekty oceni\u0142o jako zadowalaj\u0105ce lub nadzwyczaj zadowalaj\u0105ce, a a\u017c 82% stwierdzi\u0142o, \u017ce <strong><em><span style=\"color: #999999;\">zabieg<\/span> <span style=\"color: #999999;\">kriolipolizy<\/span><\/em><\/strong> poleci\u0142oby swoim znajomym jako metod\u0119 trwa\u0142ego pozbycia si\u0119 miejscowego nadmiaru t\u0142uszczu.<\/p>\n<h5>Przeciwwskazania:<\/h5>\n<ul>\n<li>osoby z wszczepionym sprz\u0119tem medycznym takim jak: stymulatory serca, urz\u0105dzenia sztucznie podtrzymuj\u0105ce \u017cycie, przeno\u015bne urz\u0105dzenia do pomiaru EKG;<\/li>\n<li>choroby w\u0105trobowe,<\/li>\n<li>ci\u0105\u017ca,<\/li>\n<li>choroba Raynauda,<\/li>\n<li>ostra pokrzywka pod wp\u0142ywem zimna,<\/li>\n<li>krioglobulinemia,<\/li>\n<li>hipoproteinemia,<\/li>\n<li>napadowa hemoglobinuria z zimna,<\/li>\n<li>ostatnio przebyte operacje w obszarze zabiegu,<\/li>\n<li>zaawansowana cukrzyca,<\/li>\n<li>zaburzenia hormonalne powodowane rozstrojem pracy tarczycy;<\/li>\n<li>niewskazana dla os\u00f3b wra\u017cliwych na zimno;<\/li>\n<\/ul>\n<h5>Wskazania:<\/h5>\n<div id=\"attachment_1068\" style=\"width: 310px\" class=\"wp-caption alignright\"><img decoding=\"async\" aria-describedby=\"caption-attachment-1068\" class=\"wp-image-1068 size-medium lazyload\" title=\"Kriolipoliza - wymra\u017canie tkanki t\u0142uszczowej\" data-src=\"http:\/\/salon-urody.wroclaw.pl\/wp-content\/uploads\/2014\/08\/Kriolipoliza-Wroc\u0142aw-300x300.jpg\" alt=\"Kriolipoliza Wroc\u0142aw\" width=\"300\" height=\"300\" data-wp-pid=\"1068\" src=\"data:image\/svg+xml;base64,PHN2ZyB3aWR0aD0iMSIgaGVpZ2h0PSIxIiB4bWxucz0iaHR0cDovL3d3dy53My5vcmcvMjAwMC9zdmciPjwvc3ZnPg==\" style=\"--smush-placeholder-width: 300px; --smush-placeholder-aspect-ratio: 300\/300;\" \/><p id=\"caption-attachment-1068\" class=\"wp-caption-text\">wymra\u017canie tkanki t\u0142uszczowej &#8211; kriolipoliza<\/p><\/div>\n<p>Miejscowa oty\u0142o\u015b\u0107 trudna do zwalczenia przy pomocy diety i \u0107wicze\u0144 w okolicach brzucha, talii i boczk\u00f3w, ud, nad-kolan i ramion, a tak\u017ce plec\u00f3w.<\/p>\n<p>Zabieg <span style=\"color: #808080;\"><strong>kriolipolizy<\/strong><\/span> trwale eliminuje kom\u00f3rki t\u0142uszczowe (szczeg\u00f3lnie wra\u017cliwe na niskie temperatury) wywo\u0142uj\u0105c proces apoptozy czyli programowanej \u015bmierci kom\u00f3rek, trwaj\u0105cej od 3 do 6 miesi\u0119cy.<\/p>\n<h5>Zalecenia:<\/h5>\n<p>Przygotowuj\u0105c si\u0119 do zabiegu warto przej\u015b\u0107 na nisko-t\u0142uszczow\u0105 diet\u0119 (cho\u0107 nie jest to konieczne), dwa dni przed zabiegiem mo\u017cna zwi\u0119kszy\u0107 spo\u017cycie wody i ograniczy\u0107 alkohol czy napoje kofeinowe (kawa, czarna herbata, drinki energetyzuj\u0105ce). Dla osi\u0105gni\u0119cia jak najlepszych rezultat\u00f3w po terapii zimnem zalecane jest spo\u017cywanie 5 posi\u0142k\u00f3w dziennie, aby mobilizowa\u0107 metabolizm t\u0142uszcz\u00f3w, przyjmowanie wi\u0119kszej ilo\u015bci p\u0142yn\u00f3w oraz wzmo\u017cona aktywno\u015b\u0107 fizyczna, w szczeg\u00f3lno\u015bci treningi cardio.<\/p>\n<h5>Cena zabiegu:<\/h5>\n<p><strong>PROMOCJA dla nowych klient\u00f3w! 290 z\u0142\u00a0\u00a0 \u03363\u03364\u03369\u0336 \u0336z\u0336\u0142\u0336\u00a0 przy\u0142o\u017cenie jednej g\u0142owicy!<\/strong><\/p>\n<ul>\n<li>1 G\u0141OWICA- 349 Z\u0141<\/li>\n<li>2 G\u0141OWICE 549 Z\u0141<\/li>\n<li>3 G\u0141OWICE 790 Z\u0141<\/li>\n<li>4 G\u0141OWICE 990 Z\u0141<\/li>\n<li>6 G\u0141OWIC 1350 Z\u0141<\/li>\n<li>KRIOLIPOLIZA na podbr\u00f3dek 350 Z\u0141<\/li>\n<\/ul>\n<p>Jedno przy\u0142o\u017cenie g\u0142owicy ju\u017c od 225 z\u0142 (w pakiecie 6 przy\u0142o\u017ce\u0144)<\/p>\n<section style=\"max-width: 800px; margin: 0 auto; padding: 20px; font-family: Arial,sans-serif;\">\n<p style=\"text-align: center; font-size: 14px; color: #666;\"><a style=\"background: #444; color: #fff; padding: 12px 20px; text-decoration: none; font-size: 16px; border-radius: 5px; margin-right: 10px;\" href=\"tel:+48505455777\">\u00a0 Zadzwo\u0144 teraz\u00a0\u00a0\u00a0\u00a0<\/a>\u00a0<a style=\"background: #D6336C; color: #fff; padding: 12px 20px; text-decoration: none; font-size: 16px; border-radius: 5px;\" href=\"https:\/\/instytut27.booksy.com\">\u00a0\u00a0 \u00a0Rezerwuj online<\/a><\/p>\n<\/section>\n<h4><em>Najcz\u0119\u015bciej zadawane pytania:<\/em><\/h4>\n<details>\n<summary>Jak d\u0142ugo utrzymuje si\u0119 efekt po kriolipolizie?<\/summary>\n<p>Efekt po kriolipolizie, kt\u00f3ra jest niechirurgicznym zabiegiem redukcji tkanki t\u0142uszczowej, mo\u017ce si\u0119 r\u00f3\u017cni\u0107 w zale\u017cno\u015bci od osoby i innych czynnik\u00f3w. Og\u00f3lnie rzecz bior\u0105c, efekty mo\u017cna zauwa\u017cy\u0107 po oko\u0142o 2-4 miesi\u0105cach od przeprowadzenia zabiegu, a pe\u0142ne rezultaty mog\u0105 by\u0107 widoczne po up\u0142ywie 4-6 miesi\u0119cy.\u00a0Chc\u0105c utrzyma\u0107 efekty kriolipolizy, wa\u017cne jest zdrowe od\u017cywianie, regularna aktywno\u015b\u0107 fizyczna i utrzymanie stabilnej wagi. Regularna kontrola masy cia\u0142a i zdrowy styl \u017cycia mog\u0105 pom\u00f3c w utrzymaniu po\u017c\u0105danej sylwetki po przeprowadzeniu kriolipolizy na sta\u0142e.<\/p>\n<\/details>\n<details>\n<summary>Ile razy nale\u017cy powt\u00f3rzy\u0107 zabieg kriolipolizy?<\/summary>\n<p>Liczba sesji kriolipolizy, kt\u00f3re nale\u017cy przeprowadzi\u0107, mo\u017ce si\u0119 r\u00f3\u017cni\u0107 w zale\u017cno\u015bci od indywidualnych potrzeb pacjenta, obszar\u00f3w cia\u0142a poddawanych zabiegowi i oczekiwanych rezultat\u00f3w. Zwykle jednak jedna sesja kriolipolizy mo\u017ce by\u0107 wystarczaj\u0105ca do osi\u0105gni\u0119cia zadowalaj\u0105cych rezultat\u00f3w. Podczas konsultacji z kosmetologiem zostan\u0105 ocenione obszary, kt\u00f3re maj\u0105 by\u0107 poddane zabiegowi, oraz okre\u015blone cele pacjenta. Na podstawie tych informacji mo\u017cna ustali\u0107 liczb\u0119 sesji, kt\u00f3re b\u0119d\u0105 potrzebne do osi\u0105gni\u0119cia oczekiwanych rezultat\u00f3w. Gdy obszar zabiegowy jest wi\u0119kszy, po pierwszym zabiegu zalecana jest powt\u00f3rka po up\u0142ywie co najmniej miesi\u0105ca.<\/p>\n<\/details>\n<details>\n<summary>Czy kriolipoliza jest zdrowa?<\/summary>\n<p>Kriolipoliza jest uwa\u017cana za stosunkowo bezpieczn\u0105 i nieinwazyjn\u0105 metod\u0119 redukcji tkanki t\u0142uszczowej. Zosta\u0142a zatwierdzona przez ameryka\u0144sk\u0105 Agencj\u0119 ds. \u017bywno\u015bci i Lek\u00f3w do stosowania w celu zmniejszenia miejscowego nagromadzenia tkanki t\u0142uszczowej. Nale\u017cy r\u00f3wnie\u017c pami\u0119ta\u0107, \u017ce kriolipoliza nie jest odpowiednia dla ka\u017cdego. Osoby z pewnymi schorzeniami, takimi jak nietolerancja zimna, choroby Raynauda, choroby w\u0105troby czy zaburzenia krzepni\u0119cia krwi, mog\u0105 nie kwalifikowa\u0107 si\u0119 do tego zabiegu.<\/p>\n<\/details>\n<details>\n<summary>Czy kriolipoliza daje efekt?<\/summary>\n<p>Zabieg kriolipolizy daje dobre efekty w redukcji tkanki t\u0142uszczowej w obszarach poddanych zabiegowi. Ta nieinwazyjna metoda wykorzystuje kontrolowane zamra\u017canie kom\u00f3rek t\u0142uszczowych, powoduj\u0105c ich uszkodzenie. Nast\u0119pnie organizm usuwa uszkodzone kom\u00f3rki t\u0142uszczowe w naturalnym procesie metabolicznym. W badaniach klinicznych wykaza\u0142a skuteczno\u015b\u0107 w redukcji tkanki t\u0142uszczowej w r\u00f3\u017cnych obszarach cia\u0142a, takich jak brzuch, biodra, uda, ramiona czy podbr\u00f3dek. Rezultaty mog\u0105 si\u0119 r\u00f3\u017cni\u0107 w zale\u017cno\u015bci od indywidualnych cech organizmu, obszar\u00f3w poddanych zabiegowi oraz oczekiwanych rezultat\u00f3w. Wielu pacjent\u00f3w zg\u0142asza zauwa\u017calne zmniejszenie obwodu cia\u0142a i widoczne zmniejszenie tkanki t\u0142uszczowej po przeprowadzeniu kriolipolizy.<\/p>\n<\/details>\n<details>\n<summary>Ile mo\u017cna schudn\u0105\u0107 po kriolipolizie?<\/summary>\n<p>Kriolipoliza nie jest skuteczn\u0105 metod\u0105 na utrat\u0119 wagi. Jej g\u0142\u00f3wnym celem jest redukcja miejscowego nagromadzenia tkanki t\u0142uszczowej w okre\u015blonych obszarach cia\u0142a, a nie og\u00f3lna utrata masy cia\u0142a.<\/p>\n<\/details>\n<details>\n<summary>Czego nie wolno robi\u0107 po kriolipolizie?<\/summary>\n<p>Nie poddawaj si\u0119 gor\u0105cym k\u0105pielom, saunie czy intensywnym \u0107wiczeniom fizycznym: Po zabiegu zaleca si\u0119 unikanie gor\u0105cych k\u0105pieli, sauny, jacuzzi i intensywnego \u0107wiczenia fizycznego przez kilka dni. Skoncentruj si\u0119 na odpoczynku i daj swojemu cia\u0142u czas na regeneracj\u0119. Pij wod\u0119 i dbaj o niskot\u0142uszczow\u0105 diet\u0119. Unikaj nadmiernego wystawiania si\u0119 na s\u0142o\u0144ce lub na solarium: Sk\u00f3ra mo\u017ce by\u0107 wra\u017cliwa po kriolipolizie, dlatego wa\u017cne jest unikanie nadmiernego nas\u0142onecznienia lub korzystania z solarium w okresie rekonwalescencji. Je\u015bli musisz by\u0107 na s\u0142o\u0144cu, pami\u0119taj o stosowaniu wysokiej ochrony przeciws\u0142onecznej.<\/p>\n<\/details>\n<details>\n<summary>Kt\u00f3ra kriolipoliza jest najlepsza?<\/summary>\n<p>Zdecydowanie najlepsze do zabiegu kriolipolizy s\u0105 silikonowe g\u0142owice, dzi\u0119ki kt\u00f3rym nie wyst\u0119puje ryzyko odmro\u017cenia sk\u00f3ry. Ponadto mo\u017cna je dok\u0142adniej dopasowa\u0107 do obszaru zabiegowego. Dzi\u0119ki tej w\u0142a\u015bciwo\u015bci wykorzystujemy w pe\u0142ni mo\u017cliwo\u015bci sprz\u0119tu. <span style=\"color: #808080;\"><strong>Silikonowe g\u0142owice<\/strong><\/span> zmniejszaj\u0105 prawdopodobie\u0144stwo powstania siniak\u00f3w w miejscu zabiegowym.<\/p>\n<\/details>\n<details>\n<summary>Co dzieje si\u0119 z tkank\u0105 t\u0142uszczow\u0105 podczas zabiegu?<\/summary>\n<p>Po wystawieniu na niskie temperatury, kom\u00f3rki t\u0142uszczowe stopniowo ulegaj\u0105 procesowi apoptozy, czyli programowanej \u015bmierci kom\u00f3rki. Uszkodzone kom\u00f3rki t\u0142uszczowe s\u0105 stopniowo eliminowane z organizmu w naturalny spos\u00f3b, poprzez proces metaboliczny. Organizm rozpoznaje uszkodzone kom\u00f3rki jako obce i stopniowo je usuwa. Ca\u0142y proces eliminacji uszkodzonych kom\u00f3rek t\u0142uszczowych odbywa si\u0119 stopniowo, co oznacza, \u017ce widoczne rezultaty po zabiegu kriolipolizy mog\u0105 by\u0107 obserwowane w ci\u0105gu kilku tygodni lub miesi\u0119cy po przeprowadzeniu zabiegu. Podczas tego okresu organizm metabolizuje i usuwa uszkodzone kom\u00f3rki t\u0142uszczowe.<\/p>\n<\/details>\n<details>\n<summary>Ile kosztuje zabieg kriolipolizy?<\/summary>\n<p>W naszym Instytucie Urody Fantastic Body przy pierwszej wizycie jako nowy klient, otrzymaj\u0105 Pa\u0144stwo cen\u0119 promocyjn\u0105 290 z\u0142 za przy\u0142o\u017cenie jednej g\u0142owicy, regularna cena zabiegu z jednym przy\u0142o\u017ceniem to 349 z\u0142, dwie g\u0142owice 549 z\u0142, trzy g\u0142owice 790 z\u0142, cztery 990 z\u0142. Kriolipoliza na podbr\u00f3dek 350 z\u0142. Nasz najlepszy pakiet to 6 g\u0142owic w cenie 1350 z\u0142.<\/p>\n<\/details>\n<details>\n<summary>Ile przy\u0142o\u017ce\u0144 kriolipolizy na brzuch?<\/summary>\n<p>W zale\u017cno\u015bci od wielko\u015bci obszaru zabiegowego mo\u017cemy dobra\u0107 odpowiedni\u0105 ilo\u015b\u0107 g\u0142owic (przy\u0142o\u017ce\u0144) do zabiegu. Mo\u017cemy skupi\u0107 dzia\u0142anie jedynie na tkance t\u0142uszczowej pod p\u0119pkiem lub je\u015bli jest taka potrzeba umie\u015bci\u0107 g\u0142owice r\u00f3wnie\u017c nad p\u0119pkiem. Cz\u0119stym problemem s\u0105 tak\u017ce boczki, w\u00f3wczas u\u017cywamy symetrycznie dw\u00f3ch g\u0142owic po bokach. Wszystko zale\u017cy od wygl\u0105du obszaru zabiegowego.<\/p>\n<\/details>\n<p>\u00a9 2025 Instytut Urody Fantastic Body | Polityka prywatno\u015bci<\/p>\n","protected":false},"excerpt":{"rendered":"<p>Kriolipoliza &#8211; Bezbolesne Odchudzanie we Wroc\u0142awiu Kriolipoliza w Fantastic Body \u2013 efekty ju\u017c po pierwszym zabiegu! &nbsp; Rezerwuj przez Booksy \ud83d\udd2c Co to jest kriolipoliza? Selektywne ch\u0142odzenie tkanki t\u0142uszczowej, kt\u00f3re prowadzi do trwa\u0142ego jej usuni\u0119cia \u2013 bez b\u00f3lu, skalpela i rekonwalescencji. \u2705 Efekty ju\u017c po 1 sesji \u015arednio -20\u201330\u202f% tkanki t\u0142uszczowej z obszaru: brzuch, boczki, [&hellip;]<\/p>\n","protected":false},"author":1,"featured_media":2891,"parent":0,"menu_order":0,"comment_status":"open","ping_status":"open","template":"","meta":{"_uf_show_specific_survey":0,"_uf_disable_surveys":false,"__cvm_playback_settings":[],"__cvm_video_id":"","_glsr_average":0,"_glsr_ranking":0,"_glsr_reviews":0,"footnotes":""},"class_list":["post-15","page","type-page","status-publish","has-post-thumbnail","czr-hentry"],"aioseo_notices":[],"_links":{"self":[{"href":"https:\/\/salon-urody.wroclaw.pl\/index.php\/wp-json\/wp\/v2\/pages\/15","targetHints":{"allow":["GET"]}}],"collection":[{"href":"https:\/\/salon-urody.wroclaw.pl\/index.php\/wp-json\/wp\/v2\/pages"}],"about":[{"href":"https:\/\/salon-urody.wroclaw.pl\/index.php\/wp-json\/wp\/v2\/types\/page"}],"author":[{"embeddable":true,"href":"https:\/\/salon-urody.wroclaw.pl\/index.php\/wp-json\/wp\/v2\/users\/1"}],"replies":[{"embeddable":true,"href":"https:\/\/salon-urody.wroclaw.pl\/index.php\/wp-json\/wp\/v2\/comments?post=15"}],"version-history":[{"count":3,"href":"https:\/\/salon-urody.wroclaw.pl\/index.php\/wp-json\/wp\/v2\/pages\/15\/revisions"}],"predecessor-version":[{"id":4160,"href":"https:\/\/salon-urody.wroclaw.pl\/index.php\/wp-json\/wp\/v2\/pages\/15\/revisions\/4160"}],"wp:featuredmedia":[{"embeddable":true,"href":"https:\/\/salon-urody.wroclaw.pl\/index.php\/wp-json\/wp\/v2\/media\/2891"}],"wp:attachment":[{"href":"https:\/\/salon-urody.wroclaw.pl\/index.php\/wp-json\/wp\/v2\/media?parent=15"}],"curies":[{"name":"wp","href":"https:\/\/api.w.org\/{rel}","templated":true}]}}