{"id":1482,"date":"2015-03-21T13:52:48","date_gmt":"2015-03-21T12:52:48","guid":{"rendered":"http:\/\/salon-urody.wroclaw.pl\/?page_id=1482"},"modified":"2022-10-27T18:26:48","modified_gmt":"2022-10-27T16:26:48","slug":"dietetyka","status":"publish","type":"page","link":"https:\/\/salon-urody.wroclaw.pl\/index.php\/dietetyka\/","title":{"rendered":"Dietetyka"},"content":{"rendered":"<p><img decoding=\"async\" class=\"size-medium wp-image-1483 alignleft lazyload\" data-src=\"http:\/\/salon-urody.wroclaw.pl\/wp-content\/uploads\/2015\/03\/Dietetyk-241x300.jpg\" alt=\"Dietetyk\" width=\"241\" height=\"300\" data-wp-pid=\"1483\" data-srcset=\"https:\/\/salon-urody.wroclaw.pl\/wp-content\/uploads\/2015\/03\/Dietetyk-241x300.jpg 241w, https:\/\/salon-urody.wroclaw.pl\/wp-content\/uploads\/2015\/03\/Dietetyk-121x150.jpg 121w, https:\/\/salon-urody.wroclaw.pl\/wp-content\/uploads\/2015\/03\/Dietetyk.jpg 824w\" data-sizes=\"(max-width: 241px) 100vw, 241px\" src=\"data:image\/svg+xml;base64,PHN2ZyB3aWR0aD0iMSIgaGVpZ2h0PSIxIiB4bWxucz0iaHR0cDovL3d3dy53My5vcmcvMjAwMC9zdmciPjwvc3ZnPg==\" style=\"--smush-placeholder-width: 241px; --smush-placeholder-aspect-ratio: 241\/300;\" \/>Zdrowe od\u017cywianie stanowi jeden z najwa\u017cniejszych czynnik\u00f3w determinuj\u0105cych dobre samopoczucie i jako\u015b\u0107 naszego \u017cycia.<\/p>\n<p>&#8222;Non, ut edam, vivo, sed, ut vivam edo&#8221; &#8211; Nie \u017cyje, aby je\u015b\u0107, lecz jem, aby \u017cy\u0107 \u2013 \u0142aci\u0144ska maxima odzwierciedla \u015bwiadomy stosunek do diety. Wiemy, \u017ce rodzaj i ilo\u015b\u0107 przyjmowanego po\u017cywienie wp\u0142ywa nie tylko na nasze zdrowie, ale te\u017c zachowanie i oczywi\u015bcie wygl\u0105d. Aby poczu\u0107 si\u0119 lepiej nale\u017cy zadba\u0107 o swoje potrzeby \u201eod \u015brodka\u201d i zweryfikowa\u0107 dotychczasowe nawyki \u017cywieniowe.<\/p>\n<p>Kilka prostych zasad dieto &#8211; terapii sprawi, \u017ce odzyskasz i utrzymasz szczup\u0142\u0105 sylwetk\u0119, b\u0119dziesz cieszy\u0107 si\u0119 pi\u0119kn\u0105 cer\u0105 i dobrym samopoczuciem.<\/p>\n<p>Kluczem do sukcesu u os\u00f3b dieto &#8211; zale\u017cnych powinno by\u0107 przyjmowanie produkt\u00f3w najmniej przetworzonych, lokalnych i takich kt\u00f3rych jedzenie sprawia przyjemno\u015b\u0107. Nasi specjali\u015bci zadbaj\u0105 o dob\u00f3r diety zgodnej z upodobaniami, zapewniaj\u0105cej dobr\u0105 przemian\u0119 materii, poprawiaj\u0105c\u0105 zdrowie i op\u00f3\u017aniaj\u0105c\u0105 procesy starzenia. Dzi\u0119ki odpowiedniemu planowi od\u017cywiania skorzysta te\u017c Twoja sylwetka, sk\u00f3ra, w\u0142osy i paznokcie. W\u0142a\u015bciwie dobrany jad\u0142ospis rozpisany o odpowiednich porach sprawi, \u017ce nie dojdzie do efektu jo-jo, a rezultaty dieto \u2013 terapii b\u0119d\u0105 d\u0142ugotrwa\u0142e.<br \/>\nNie jeste\u015bmy zwolennikami metod uwzgl\u0119dniaj\u0105cych stosowanie suplementacji wszelkiego rodzaju. Wolimy \u0142\u0105czy\u0107 zdrowy tryb \u017cycia z aktywno\u015bci\u0105 fizyczn\u0105 dlatego proponujemy indywidualny program Slim &amp; Beauty, kt\u00f3ry mo\u017cna dowolnie rozszerza\u0107 o <span style=\"color: #008000;\"><a style=\"color: #008000;\" title=\"Pakiety\" href=\"http:\/\/salon-urody.wroclaw.pl\/index.php\/promocje\/odchudzanie-pakiety\/\">pakiety odchudzaj\u0105ce<\/a><\/span>.<\/p>\n<p><img decoding=\"async\" class=\"size-medium wp-image-1507 alignright lazyload\" data-src=\"http:\/\/salon-urody.wroclaw.pl\/wp-content\/uploads\/2015\/03\/Dieta-odchudzaj\u0105ca-300x230.jpg\" alt=\"Dieta odchudzaj\u0105ca\" width=\"300\" height=\"230\" data-wp-pid=\"1507\" data-srcset=\"https:\/\/salon-urody.wroclaw.pl\/wp-content\/uploads\/2015\/03\/Dieta-odchudzaj\u0105ca-300x230.jpg 300w, https:\/\/salon-urody.wroclaw.pl\/wp-content\/uploads\/2015\/03\/Dieta-odchudzaj\u0105ca-150x115.jpg 150w, https:\/\/salon-urody.wroclaw.pl\/wp-content\/uploads\/2015\/03\/Dieta-odchudzaj\u0105ca.jpg 765w\" data-sizes=\"(max-width: 300px) 100vw, 300px\" src=\"data:image\/svg+xml;base64,PHN2ZyB3aWR0aD0iMSIgaGVpZ2h0PSIxIiB4bWxucz0iaHR0cDovL3d3dy53My5vcmcvMjAwMC9zdmciPjwvc3ZnPg==\" style=\"--smush-placeholder-width: 300px; --smush-placeholder-aspect-ratio: 300\/230;\" \/>Przed wizyt\u0105:<\/p>\n<ul>\n<li><span style=\"color: #333333;\">wype\u0142nij trzy &#8211; dniowy<\/span><strong>\u00a0<\/strong><span style=\"color: #008000;\"><a style=\"color: #008000;\" title=\"wywiad\" href=\"http:\/\/www.fantasticbody.pl\/files\/24%20godzinny%20wywiad%20zywieniowy.pdf\">wywiad \u017cywieniow<\/a>y<\/span><\/li>\n<li><span style=\"color: #333333;\">nie spo\u017cywaj posi\u0142ku i ogranicz przyjmowanie p\u0142yn\u00f3w na 2 godziny przed badaniem<\/span><\/li>\n<li><span style=\"color: #333333;\">w miar\u0119 mo\u017cliwo\u015bci nale\u017cy przygotowa\u0107 aktualne (do 6-ciu miesi\u0119cy wstecz) badania biochemiczne krwi &#8211; lipidogram, morfologia, glukoza na czczo, pr\u00f3by w\u0105trobowe, poziom \u017celaza<\/span><\/li>\n<\/ul>\n<p>&nbsp;<\/p>\n<p>Program odchudzaj\u0105cy zawiera:<\/p>\n<ul>\n<li><span style=\"color: #333333;\">\u00a0dwa spotkania z dietetykiem<\/span><\/li>\n<li><span style=\"color: #333333;\">\u00a0pomiary antropometryczne masy cia\u0142a, obwodu talii i bioder<\/span><\/li>\n<li><span style=\"color: #333333;\">\u00a0analiza sk\u0142adu cia\u0142a metod\u0105 bioimpedancji elektrycznej (BIA)<\/span><\/li>\n<li><span style=\"color: #333333;\">\u00a0u\u0142o\u017cenie indywidualnej diety na 7 dni<\/span><\/li>\n<li><span style=\"color: #333333;\">\u00a0generalne zalecenia \u017cywieniowe<\/span><\/li>\n<li><span style=\"color: #333333;\">\u00a0trening na<\/span> <a title=\"Platforma\" href=\"http:\/\/salon-urody.wroclaw.pl\/index.php\/fitness\/platforma-wibracyjna\/\"><span style=\"color: #008000;\">Platformie Wibracyjnej<\/span><\/a> gratis!<\/li>\n<\/ul>\n<p><img decoding=\"async\" class=\"size-medium wp-image-1505 alignleft lazyload\" data-src=\"http:\/\/salon-urody.wroclaw.pl\/wp-content\/uploads\/2015\/03\/Dietetyk-Wroc\u0142aw1-300x206.jpg\" alt=\"Dietetyk Wroc\u0142aw\" width=\"300\" height=\"206\" data-wp-pid=\"1505\" data-srcset=\"https:\/\/salon-urody.wroclaw.pl\/wp-content\/uploads\/2015\/03\/Dietetyk-Wroc\u0142aw1-300x206.jpg 300w, https:\/\/salon-urody.wroclaw.pl\/wp-content\/uploads\/2015\/03\/Dietetyk-Wroc\u0142aw1-150x103.jpg 150w, https:\/\/salon-urody.wroclaw.pl\/wp-content\/uploads\/2015\/03\/Dietetyk-Wroc\u0142aw1.jpg 967w\" data-sizes=\"(max-width: 300px) 100vw, 300px\" src=\"data:image\/svg+xml;base64,PHN2ZyB3aWR0aD0iMSIgaGVpZ2h0PSIxIiB4bWxucz0iaHR0cDovL3d3dy53My5vcmcvMjAwMC9zdmciPjwvc3ZnPg==\" style=\"--smush-placeholder-width: 300px; --smush-placeholder-aspect-ratio: 300\/206;\" \/><\/p>\n<p>&nbsp;<\/p>\n<p>&nbsp;<\/p>\n<p>&nbsp;<\/p>\n<p>&nbsp;<\/p>\n","protected":false},"excerpt":{"rendered":"<p>Zdrowe od\u017cywianie stanowi jeden z najwa\u017cniejszych czynnik\u00f3w determinuj\u0105cych dobre samopoczucie i jako\u015b\u0107 naszego \u017cycia. &#8222;Non, ut edam, vivo, sed, ut vivam edo&#8221; &#8211; Nie \u017cyje, aby je\u015b\u0107, lecz jem, aby \u017cy\u0107 \u2013 \u0142aci\u0144ska maxima odzwierciedla \u015bwiadomy stosunek do diety. Wiemy, \u017ce rodzaj i ilo\u015b\u0107 przyjmowanego po\u017cywienie wp\u0142ywa nie tylko na nasze zdrowie, ale te\u017c zachowanie [&hellip;]<\/p>\n","protected":false},"author":6,"featured_media":1483,"parent":0,"menu_order":0,"comment_status":"open","ping_status":"open","template":"","meta":{"_uf_show_specific_survey":0,"_uf_disable_surveys":false,"__cvm_playback_settings":[],"__cvm_video_id":"","_glsr_average":0,"_glsr_ranking":0,"_glsr_reviews":0,"footnotes":""},"class_list":["post-1482","page","type-page","status-publish","has-post-thumbnail","czr-hentry"],"aioseo_notices":[],"_links":{"self":[{"href":"https:\/\/salon-urody.wroclaw.pl\/index.php\/wp-json\/wp\/v2\/pages\/1482","targetHints":{"allow":["GET"]}}],"collection":[{"href":"https:\/\/salon-urody.wroclaw.pl\/index.php\/wp-json\/wp\/v2\/pages"}],"about":[{"href":"https:\/\/salon-urody.wroclaw.pl\/index.php\/wp-json\/wp\/v2\/types\/page"}],"author":[{"embeddable":true,"href":"https:\/\/salon-urody.wroclaw.pl\/index.php\/wp-json\/wp\/v2\/users\/6"}],"replies":[{"embeddable":true,"href":"https:\/\/salon-urody.wroclaw.pl\/index.php\/wp-json\/wp\/v2\/comments?post=1482"}],"version-history":[{"count":0,"href":"https:\/\/salon-urody.wroclaw.pl\/index.php\/wp-json\/wp\/v2\/pages\/1482\/revisions"}],"wp:featuredmedia":[{"embeddable":true,"href":"https:\/\/salon-urody.wroclaw.pl\/index.php\/wp-json\/wp\/v2\/media\/1483"}],"wp:attachment":[{"href":"https:\/\/salon-urody.wroclaw.pl\/index.php\/wp-json\/wp\/v2\/media?parent=1482"}],"curies":[{"name":"wp","href":"https:\/\/api.w.org\/{rel}","templated":true}]}}