{"id":1373,"date":"2015-03-16T15:12:00","date_gmt":"2015-03-16T14:12:00","guid":{"rendered":"http:\/\/salon-urody.wroclaw.pl\/?page_id=1373"},"modified":"2023-06-30T13:31:01","modified_gmt":"2023-06-30T11:31:01","slug":"liposukcja-kawitacyjna-modelowanie-ciala-bez-skalpela","status":"publish","type":"page","link":"https:\/\/salon-urody.wroclaw.pl\/index.php\/pielegnacja-ciala\/liposukcja-kawitacyjna-modelowanie-ciala-bez-skalpela\/","title":{"rendered":"Liposukcja kawitacyjna"},"content":{"rendered":"<p><strong>Liposukcja kawitacyjna<\/strong><span style=\"color: #800080;\"> \u2013 <a href=\"https:\/\/instytut27.booksy.com\"><em>Liposukcja\u00a0bez skalpela<\/em><\/a><\/span><br \/>\n<a href=\"http:\/\/salon-urody.wroclaw.pl\/wp-content\/uploads\/2015\/03\/Fantastic-Body-pakiety.jpg\"><img decoding=\"async\" class=\"wp-image-1232 alignleft lazyload\" data-src=\"http:\/\/salon-urody.wroclaw.pl\/wp-content\/uploads\/2015\/03\/Fantastic-Body-pakiety-238x300.jpg\" alt=\"Fantastic Body pakiety\" width=\"310\" height=\"391\" data-wp-pid=\"1232\" data-srcset=\"https:\/\/salon-urody.wroclaw.pl\/wp-content\/uploads\/2015\/03\/Fantastic-Body-pakiety-238x300.jpg 238w, https:\/\/salon-urody.wroclaw.pl\/wp-content\/uploads\/2015\/03\/Fantastic-Body-pakiety-119x150.jpg 119w, https:\/\/salon-urody.wroclaw.pl\/wp-content\/uploads\/2015\/03\/Fantastic-Body-pakiety.jpg 500w\" data-sizes=\"(max-width: 310px) 100vw, 310px\" src=\"data:image\/svg+xml;base64,PHN2ZyB3aWR0aD0iMSIgaGVpZ2h0PSIxIiB4bWxucz0iaHR0cDovL3d3dy53My5vcmcvMjAwMC9zdmciPjwvc3ZnPg==\" style=\"--smush-placeholder-width: 310px; --smush-placeholder-aspect-ratio: 310\/391;\" \/><\/a>Ultrad\u017awi\u0119ki od lat stosowane s\u0105 w medycynie oraz w fizjoterapii, a najnowsza technika liposukcji jest wynikiem wieloletnich bada\u0144 nad zjawiskiem kawitacji. Energia g\u0142owic nakierowywana jest bezpo\u015brednio na tkank\u0119 t\u0142uszczow\u0105. Cz\u0105steczki poprzez drgania wywo\u0142ane ultrad\u017awi\u0119kami, stymuluj\u0105 wewn\u0119trzny masa\u017c tkanki lipidowej i wytwarzaj\u0105 przy tym energi\u0119 ciepln\u0105, kt\u00f3ra powoduje poszerzenie por\u00f3w w b\u0142onach kom\u00f3rkowych adipocyt\u00f3w. U\u0142atwia to znacznie uwolnienie wolnych kwas\u00f3w t\u0142uszczowych oraz glicerolu do przestrzeni mi\u0119dzykom\u00f3rkowej i odprowadzenie ich przez uk\u0142ad naczyniowo-ch\u0142onny do w\u0105troby, gdzie w wyniku proces\u00f3w metabolicznych ulegaj\u0105 rozk\u0142adowi i z \u0142atwo\u015bci\u0105 zostaj\u0105 wydalone z organizmu. Jest to obecnie najbardziej precyzyjna metoda modelowania sylwetki. W zale\u017cno\u015bci od obszaru wykonywania zabieg trwa od 20 do 40 minut, jest bezbolesny w odczuciach i nie wymaga okresu rekonwalescencji jak w przypadku tradycyjnej liposukcji chirurgicznej. Idealnie nadaje si\u0119 do redukcji tkanki t\u0142uszczowej w okolicy brzucha oraz w obszarach znacznie trudniejszych do wymodelowania takich jak ramiona, fa\u0142da nad kolanami, \u0142ydki, biodra czy plecy. Skutecznie redukuje cellulit i znacznie wp\u0142ywa na popraw\u0119 jako\u015bci sk\u00f3ry.<\/p>\n<p><strong>Zabieg liposukcji kawitacyjnej<\/strong><span style=\"color: #800080;\"> jest dwuetapowy.<\/span><\/p>\n<p>Pierwsza faza procesu polega na rozgrzaniu tkanki t\u0142uszczowej g\u0142owic\u0105 IR (g\u0142\u0119boka podczerwie\u0144). Podniesienie temperatury tkanek do oko\u0142o 55\u00baC inicjuje zjawisko up\u0142ynniania t\u0142uszczu i jest nieodzownym etapem przygotowuj\u0105cym do g\u0142\u0119bszej penetracji ultrad\u017awi\u0119kami. Automatycznie wzmaga przemian\u0119 materii dzi\u0119ki zwi\u0119kszeniu ukrwienia i od\u017cywienia kom\u00f3rek. Dodatkow\u0105 zalet\u0105 oddzia\u0142ywania g\u0142\u0119bok\u0105 podczerwieni\u0105 jest redukcja napi\u0119cia mi\u0119\u015bniowego i podniesienie progu b\u00f3lowego dzi\u0119ki stymulacji wydzielania endorfin.<\/p>\n<p>W kolejnej fazie mo\u017cemy przyst\u0105pi\u0107 do liposukcji w\u0142a\u015bciwej. Oddzia\u0142ujemy ultrad\u017awi\u0119kami o niskiej cz\u0119stotliwo\u015bci aby rozbi\u0107 kom\u00f3rki t\u0142uszczowe i uwolni\u0107 ich zawarto\u015b\u0107 do uk\u0142adu limfatycznego. Kawitacja przyspiesza tak\u017ce wch\u0142anianie sk\u0142adnik\u00f3w aktywnych w preparatach sprz\u0119gaj\u0105cych do g\u0142\u0119bszych warstw sk\u00f3ry poprawiaj\u0105c jej j\u0119drno\u015b\u0107. Liposukcja daje efekt masa\u017cu biochemicznego tkanek, stymulacji uk\u0142adu limfatycznego, naczyniowego oraz przyspiesza procesy metaboliczne.<\/p>\n<p><a href=\"http:\/\/salon-urody.wroclaw.pl\/wp-content\/uploads\/2015\/03\/Liposukcja-bez-skalpela.jpg\"><img decoding=\"async\" class=\"size-medium wp-image-1377 alignright lazyload\" data-src=\"http:\/\/salon-urody.wroclaw.pl\/wp-content\/uploads\/2015\/03\/Liposukcja-bez-skalpela-213x300.jpg\" alt=\"Liposukcja bez skalpela\" width=\"213\" height=\"300\" data-wp-pid=\"1377\" data-srcset=\"https:\/\/salon-urody.wroclaw.pl\/wp-content\/uploads\/2015\/03\/Liposukcja-bez-skalpela-213x300.jpg 213w, https:\/\/salon-urody.wroclaw.pl\/wp-content\/uploads\/2015\/03\/Liposukcja-bez-skalpela-107x150.jpg 107w, https:\/\/salon-urody.wroclaw.pl\/wp-content\/uploads\/2015\/03\/Liposukcja-bez-skalpela.jpg 723w\" data-sizes=\"(max-width: 213px) 100vw, 213px\" src=\"data:image\/svg+xml;base64,PHN2ZyB3aWR0aD0iMSIgaGVpZ2h0PSIxIiB4bWxucz0iaHR0cDovL3d3dy53My5vcmcvMjAwMC9zdmciPjwvc3ZnPg==\" style=\"--smush-placeholder-width: 213px; --smush-placeholder-aspect-ratio: 213\/300;\" \/><\/a>Po\u0142\u0105czenie oddzia\u0142ywania g\u0142\u0119bokiej podczerwieni z ultrad\u017awi\u0119kami znacznie pot\u0119guje efektywno\u015b\u0107 zabiegu.<\/p>\n<p><strong>Liposukcja kawitacyjna<\/strong><span style=\"color: #800080;\"> odpowiedzialna jest za:<\/span><\/p>\n<ul>\n<li><span style=\"color: #333333;\">redukcj\u0119 nadmiaru tkanki t\u0142uszczowej i korygowanie kszta\u0142t\u00f3w cia\u0142a<\/span><\/li>\n<li><span style=\"color: #333333;\">zmniejszenie cellulitu<\/span><\/li>\n<li><span style=\"color: #333333;\">popraw\u0119 ukrwienia poprzez mikro-masa\u017c i zwi\u0119kszenie zaopatrzenia kom\u00f3rek w tlen<\/span><\/li>\n<li><span style=\"color: #333333;\">zmniejszenie kom\u00f3rek t\u0142uszczowych poprzez uwolnienie cz\u0105steczek t\u0142uszczu i pobudzenie przemiany materii<\/span><\/li>\n<li><span style=\"color: #333333;\">skuteczniejsze wnikanie produkt\u00f3w kosmetycznych w g\u0142\u0105b sk\u00f3ry \u2013 w celu zwi\u0119kszenia j\u0119drno\u015bci i napi\u0119cia cia\u0142a<\/span><\/li>\n<\/ul>\n<p>Procedura jest ca\u0142kowicie bezbolesna. Jedyne odczucia to intensywne ciep\u0142o i mrowienie w okolicy poddawanej modelowaniu. Sk\u00f3ra po zabiegu staje si\u0119 g\u0142adka i j\u0119drna w odczuciu. Mo\u017cna natychmiast powr\u00f3ci\u0107 do codziennych zaj\u0119\u0107<strong>.<\/strong><\/p>\n<p>Aby zwi\u0119kszy\u0107 synergiczne efekty liposukcji nale\u017cy podda\u0107 si\u0119 serii minimum 5 \u2013 10 zabieg\u00f3w na okre\u015blona parti\u0119 cia\u0142a i w miar\u0119 mo\u017cliwo\u015bci po\u0142\u0105czy\u0107 j\u0105 z aktywno\u015bci\u0105 fizyczn\u0105 zaraz po zabiegu. Zalecany kr\u00f3tki trening cardio, kt\u00f3ry przyspieszy metabolizm uwolnionych w trakcie <em>terapii ultrad\u017awi\u0119kowej<\/em> t\u0142uszcz\u00f3w.<\/p>\n<p>Odbywaj\u0105c sesje warto zwi\u0119kszy\u0107 przyjmowanie p\u0142yn\u00f3w do 2-3 litr\u00f3w na dob\u0119, zmniejszy\u0107 spo\u017cycie t\u0142uszcz\u00f3w, w\u0119glowodan\u00f3w i alkoholu.<\/p>\n<p><a href=\"http:\/\/salon-urody.wroclaw.pl\/wp-content\/uploads\/2015\/03\/liposukcja-kawitacyjna-Wroc\u0142aw.jpg\"><img decoding=\"async\" class=\"size-medium wp-image-1378 alignleft lazyload\" data-src=\"http:\/\/salon-urody.wroclaw.pl\/wp-content\/uploads\/2015\/03\/liposukcja-kawitacyjna-Wroc\u0142aw-300x198.jpg\" alt=\"liposukcja kawitacyjna Wroc\u0142aw\" width=\"300\" height=\"198\" data-wp-pid=\"1378\" data-srcset=\"https:\/\/salon-urody.wroclaw.pl\/wp-content\/uploads\/2015\/03\/liposukcja-kawitacyjna-Wroc\u0142aw-300x198.jpg 300w, https:\/\/salon-urody.wroclaw.pl\/wp-content\/uploads\/2015\/03\/liposukcja-kawitacyjna-Wroc\u0142aw-150x99.jpg 150w, https:\/\/salon-urody.wroclaw.pl\/wp-content\/uploads\/2015\/03\/liposukcja-kawitacyjna-Wroc\u0142aw.jpg 649w\" data-sizes=\"(max-width: 300px) 100vw, 300px\" src=\"data:image\/svg+xml;base64,PHN2ZyB3aWR0aD0iMSIgaGVpZ2h0PSIxIiB4bWxucz0iaHR0cDovL3d3dy53My5vcmcvMjAwMC9zdmciPjwvc3ZnPg==\" style=\"--smush-placeholder-width: 300px; --smush-placeholder-aspect-ratio: 300\/198;\" \/><\/a>Dodatkowo mo\u017cemy \u0142\u0105czy\u0107 liposukcj\u0119 kawitacyjn\u0105 z drena\u017cem limfatycznym, platform\u0105 wibracyjn\u0105, dermo &#8211; masa\u017cem 3D Slimm\u00a0lub body wrappingiem.<\/p>\n<p>Przeciwwskazania:<\/p>\n<ul>\n<li>ci\u0105\u017ca, nowotwory, epilepsja, stany podgor\u0105czkowe, wszczepiony rozrusznik serca, migreny, choroby sk\u00f3ry, niewydolno\u015b\u0107 kr\u0105\u017cenia, osteoporoza<br \/>\n<hr \/>\n<p>Zapraszamy do skorzystania z promocyjnego pakietu 3 zabieg\u00f3w<br \/>\nw cenie 495 z\u0142<\/li>\n<\/ul>\n<p><span style=\"font-weight: inherit;\">Najcz\u0119\u015bciej zadawane pytania:<\/span><\/p>\n<ul>\n<li>\n<div class=\"JlqpRe\"><span class=\"JCzEY ZwRhJd\">Ile zabieg\u00f3w liposukcji kawitacyjnej?<\/span><\/div>\n<\/li>\n<\/ul>\n<p>Aby osi\u0105gn\u0105\u0107 optymalne efekty, zaleca si\u0119 przeprowadzenie serii zabieg\u00f3w liposukcji kawitacyjnej. Zazwyczaj sugeruje si\u0119 od 5 do 10 zabieg\u00f3w, kt\u00f3re powinny by\u0107 wykonywane raz w tygodniu. Regularne sesje terapeutyczne pomagaj\u0105 w d\u0142ugotrwa\u0142ym redukowaniu tkanki t\u0142uszczowej i modelowaniu sylwetki.<\/p>\n<ul>\n<li>\n<div class=\"JlqpRe\"><span class=\"JCzEY ZwRhJd\">Ile cm mniej po liposukcji?<\/span><\/div>\n<\/li>\n<\/ul>\n<p>Warto pami\u0119ta\u0107, \u017ce ostateczne rezultaty liposukcji ultrad\u017awi\u0119kowej nie s\u0105 widoczne od razu. Cho\u0107 po pierwszym zabiegu mo\u017cna zauwa\u017cy\u0107 utrat\u0119 obwod\u00f3w cia\u0142a w granicach 2-5 centymetr\u00f3w, pe\u0142ne efekty b\u0119d\u0105 widoczne dopiero po kilku miesi\u0105cach od przeprowadzenia zabiegu. Proces ten jest stopniowy, poniewa\u017c organizm potrzebuje czasu na naturalne usuwanie rozpadaj\u0105cych si\u0119 kom\u00f3rek t\u0142uszczowych.<\/p>\n<ul>\n<li>\n<div class=\"JlqpRe\"><span class=\"JCzEY ZwRhJd\">Czy waga spada po liposukcji?<\/span><\/div>\n<\/li>\n<\/ul>\n<p>Liposukcja kawitacyjna, podobnie jak tradycyjna liposukcja, ma na celu redukcj\u0119 lokalizowanych obszar\u00f3w t\u0142uszczowych i popraw\u0119 sylwetki. Jednak waga cia\u0142a nie jest najbardziej wiarygodnym wska\u017anikiem oceny efekt\u00f3w liposukcji kawitacyjnej. Po liposukcji kawitacyjnej mo\u017ce nast\u0105pi\u0107 zmniejszenie obj\u0119to\u015bci tkanek t\u0142uszczowych w obszarze poddanym zabiegowi, co mo\u017ce wp\u0142ywa\u0107 na zmniejszenie obwod\u00f3w cia\u0142a. W rezultacie, na wadze mo\u017ce by\u0107 zauwa\u017calny spadek wagi. Jednak warto zaznaczy\u0107, \u017ce efekt ten jest zwi\u0105zany z utrat\u0105 obj\u0119to\u015bci tkanek, a nie konkretnie z utrat\u0105 masy cia\u0142a.<\/p>\n<ul>\n<li>\n<div class=\"JlqpRe\"><span class=\"JCzEY ZwRhJd\">Co po liposukcji kawitacyjnej?<\/span><\/div>\n<\/li>\n<\/ul>\n<p>W trakcie przeprowadzania serii zabiegowej liposukcji kawitacyjnej warto zadba\u0107 o odpowiedni\u0105 poda\u017c dzienn\u0105 wody, aktywno\u015b\u0107 fizyczn\u0105 oraz diet\u0119 niskot\u0142uszczow\u0105. Zabieg opiera si\u0119 na wykorzystaniu metabolizmu organizmu do usuni\u0119cia toksyn oraz martwych kom\u00f3rek t\u0142uszczowych zalegaj\u0105cych w ciele.<\/p>\n<ul>\n<li>\n<div class=\"JlqpRe\"><span class=\"JCzEY ZwRhJd\">Ile powinna trwa\u0107 liposukcja kawitacyjna?<\/span><\/div>\n<\/li>\n<\/ul>\n<p>Czas trwania liposukcji kawitacyjnej mo\u017ce si\u0119 r\u00f3\u017cni\u0107 w zale\u017cno\u015bci od obszaru poddanego zabiegowi oraz rozleg\u0142o\u015bci tkanek, kt\u00f3re wymagaj\u0105 redukcji t\u0142uszczu. Przewa\u017cnie pojedynczy zabieg liposukcji kawitacyjnej trwa od 20 do 60 minut. \u015arednio jest przeznaczone 30 minut na dan\u0105 parti\u0119 cia\u0142a.<\/p>\n<ul>\n<li>W jakich odst\u0119pach zabiegi liposukcji kawitacyjnej?<\/li>\n<\/ul>\n<p>Zalecamy przeprowadzenie serii zabieg\u00f3w liposukcji kawitacyjnej w tygodniowych odst\u0119pach czasowych, aby osi\u0105gn\u0105\u0107 optymalne efekty. Seria 5-10 zabieg\u00f3w przeprowadzanych w odst\u0119pach tygodniowych zdecydowanie zapewni lepsze rezultaty ni\u017c jednorazowy zabieg. Seria taka daje czas na stopniowe dzia\u0142anie na tkank\u0119 t\u0142uszczow\u0105 i umo\u017cliwia organizmowi odpowiednie przystosowanie si\u0119 do zmian.<\/p>\n<ul>\n<li>\n<div class=\"JlqpRe\"><span class=\"JCzEY ZwRhJd\">Jak wygl\u0105da zabieg liposukcji kawitacyjnej?<\/span><\/div>\n<\/li>\n<\/ul>\n<p>Liposukcja kawitacyjna opiera si\u0119 na synergicznym zastosowaniu podczerwieni oraz ultrad\u017awi\u0119k\u00f3w. Pierwszy etap wykorzystuje podczerwie\u0144, kt\u00f3ra rozgrzewa sk\u00f3r\u0119, zwi\u0119kszaj\u0105c tym przepuszczalno\u015b\u0107 kom\u00f3rkow\u0105, umo\u017cliwiaj\u0105c ultrad\u017awi\u0119kom penetracj\u0119 w g\u0142\u0105b sk\u00f3ry. Dodatkow\u0105 zalet\u0105 jest przyspieszenie przemiany materii oraz pobudzenie do spalania zb\u0119dnych kom\u00f3rek t\u0142uszczowych. W kolejnej fazie mo\u017cemy przyst\u0105pi\u0107 do liposukcji w\u0142a\u015bciwej. Oddzia\u0142ujemy ultrad\u017awi\u0119kami o niskiej cz\u0119stotliwo\u015bci aby rozbi\u0107 kom\u00f3rki t\u0142uszczowe i uwolni\u0107 ich zawarto\u015b\u0107 do uk\u0142adu limfatycznego. Kawitacja przyspiesza tak\u017ce wch\u0142anianie sk\u0142adnik\u00f3w aktywnych w preparatach sprz\u0119gaj\u0105cych do g\u0142\u0119bszych warstw sk\u00f3ry poprawiaj\u0105c jej j\u0119drno\u015b\u0107. Liposukcja daje efekt masa\u017cu biochemicznego tkanek, stymulacji uk\u0142adu limfatycznego, naczyniowego oraz przyspiesza procesy metaboliczne.<\/p>\n<ul>\n<li>\n<div class=\"JlqpRe\"><span class=\"JCzEY ZwRhJd\">Czy liposukcja kawitacyjna jest skuteczna?<\/span><\/div>\n<\/li>\n<\/ul>\n<p>Liposukcja kawitacyjna jest jedn\u0105 z metod redukcji tkanki t\u0142uszczowej. Ta technika polega na wykorzystaniu ultrad\u017awi\u0119k\u00f3w do rozbicia kom\u00f3rek t\u0142uszczowych, kt\u00f3re nast\u0119pnie s\u0105 usuwane z organizmu przez naturalny proces metaboliczny. Liposukcja kawitacyjna jest skuteczn\u0105, nieinwazyjny, poniewa\u017c pozwala na redukcj\u0119 obj\u0119to\u015bci tkanki t\u0142uszczowej w wybranych obszarach cia\u0142a. Osoby, kt\u00f3re poddaj\u0105 si\u0119 temu zabiegowi, cz\u0119sto zg\u0142aszaj\u0105 widoczne efekty w postaci zmniejszenia obwod\u00f3w cia\u0142a i poprawy kszta\u0142tu sylwetki.<\/p>\n<ul>\n<li>\n<div class=\"JlqpRe\"><span class=\"JCzEY ZwRhJd\">Co zamiast liposukcji?<\/span><\/div>\n<\/li>\n<\/ul>\n<p>W redukcji cellulitu istnieje wiele alternatywnych metod, kt\u00f3re mo\u017cna rozwa\u017cy\u0107 zamiast liposukcji. W naszym instytucie urody znajd\u0105 Pa\u0144stwo zabieg 3D Slim Extreme &#8211; Bye Bye Cellulite- potr\u00f3jne dzia\u0142anie oparte na fali radiowej, ultrad\u017awi\u0119kach i zassaniu jak przy ba\u0144ce chi\u0144skiej generuje efekty uj\u0119drnienia i zmniejszenia cellulitu. Kolejny pomys\u0142 na redukcja cellulitu to fala uderzeniowa- \u00a0kontrolowane dostarczanie fali d\u017awi\u0119kowej o okre\u015blonej energii i cz\u0119stotliwo\u015bci. Podczas zabiegu energia przekazywana jest za pomoc\u0105 g\u0142owicy nawet do 5 cm w g\u0142\u0105b sk\u00f3ry. Pracujemy na miejscowych z\u0142ogach t\u0142uszczowych oraz w miejscach obj\u0119tych cellulitem oraz zabieg &#8211; Liposukcja Ultra + RF -wyszczuplaj\u0105cy DUET (UltraShock).<\/p>\n<ul>\n<li>\n<div class=\"JlqpRe\"><span class=\"JCzEY ZwRhJd\">Ile kosztuje<\/span><span style=\"font-weight: inherit;\">\u00a0<\/span><span style=\"font-weight: inherit;\">liposukcja <\/span><span style=\"font-weight: inherit;\">ultrad\u017awi\u0119kowa?<\/span><\/div>\n<\/li>\n<\/ul>\n<p>Pojedynczy zabieg liposukcji kawitacyjnej to koszt 195 z\u0142. Pakiet trzech zabieg\u00f3w to 495 z\u0142, natomiast sze\u015b\u0107 zabieg\u00f3w to 900 z\u0142, w\u00f3wczas zabieg wychodzi za 150 z\u0142, wi\u0119c oszcz\u0119dzamy 270 z\u0142 na ca\u0142ym pakiecie.<\/p>\n<p>&nbsp;<\/p>\n<p>&nbsp;<\/p>\n<p><span style=\"font-weight: inherit;\">[su_button url=&#8221;https:\/\/instytut27.booksy.com&#8221; target=&#8221;blank&#8221; style=&#8221;soft&#8221; size=&#8221;4&#8243; radius=&#8221;round&#8221; text_shadow=&#8221;1px 1px 1px #000000&#8243; rel=&#8221;nofollow&#8221;]Zarezerwuj online[\/su_button]<\/span><\/p>\n","protected":false},"excerpt":{"rendered":"<p>Liposukcja kawitacyjna \u2013 Liposukcja\u00a0bez skalpela Ultrad\u017awi\u0119ki od lat stosowane s\u0105 w medycynie oraz w fizjoterapii, a najnowsza technika liposukcji jest wynikiem wieloletnich bada\u0144 nad zjawiskiem kawitacji. Energia g\u0142owic nakierowywana jest bezpo\u015brednio na tkank\u0119 t\u0142uszczow\u0105. Cz\u0105steczki poprzez drgania wywo\u0142ane ultrad\u017awi\u0119kami, stymuluj\u0105 wewn\u0119trzny masa\u017c tkanki lipidowej i wytwarzaj\u0105 przy tym energi\u0119 ciepln\u0105, kt\u00f3ra powoduje poszerzenie por\u00f3w w [&hellip;]<\/p>\n","protected":false},"author":6,"featured_media":0,"parent":110,"menu_order":0,"comment_status":"open","ping_status":"open","template":"","meta":{"_uf_show_specific_survey":0,"_uf_disable_surveys":false,"__cvm_playback_settings":[],"__cvm_video_id":"","_glsr_average":0,"_glsr_ranking":0,"_glsr_reviews":0,"footnotes":""},"class_list":["post-1373","page","type-page","status-publish","czr-hentry"],"aioseo_notices":[],"_links":{"self":[{"href":"https:\/\/salon-urody.wroclaw.pl\/index.php\/wp-json\/wp\/v2\/pages\/1373","targetHints":{"allow":["GET"]}}],"collection":[{"href":"https:\/\/salon-urody.wroclaw.pl\/index.php\/wp-json\/wp\/v2\/pages"}],"about":[{"href":"https:\/\/salon-urody.wroclaw.pl\/index.php\/wp-json\/wp\/v2\/types\/page"}],"author":[{"embeddable":true,"href":"https:\/\/salon-urody.wroclaw.pl\/index.php\/wp-json\/wp\/v2\/users\/6"}],"replies":[{"embeddable":true,"href":"https:\/\/salon-urody.wroclaw.pl\/index.php\/wp-json\/wp\/v2\/comments?post=1373"}],"version-history":[{"count":0,"href":"https:\/\/salon-urody.wroclaw.pl\/index.php\/wp-json\/wp\/v2\/pages\/1373\/revisions"}],"up":[{"embeddable":true,"href":"https:\/\/salon-urody.wroclaw.pl\/index.php\/wp-json\/wp\/v2\/pages\/110"}],"wp:attachment":[{"href":"https:\/\/salon-urody.wroclaw.pl\/index.php\/wp-json\/wp\/v2\/media?parent=1373"}],"curies":[{"name":"wp","href":"https:\/\/api.w.org\/{rel}","templated":true}]}}