{"id":1309,"date":"2015-03-12T20:07:56","date_gmt":"2015-03-12T19:07:56","guid":{"rendered":"http:\/\/salon-urody.wroclaw.pl\/?page_id=1309"},"modified":"2025-08-09T03:01:30","modified_gmt":"2025-08-09T01:01:30","slug":"kontakt-3","status":"publish","type":"page","link":"https:\/\/salon-urody.wroclaw.pl\/index.php\/kontakt-3\/","title":{"rendered":"Kontakt"},"content":{"rendered":"<p style=\"text-align: center;\"><strong>Instytut Urody Fantastic Body<\/strong> &#8211; Hifu, Klinika medycyny estetycznej, Kriolipoliza, Masa\u017ce i SPA &#8211; salon urody Wroc\u0142aw<\/p>\n<p style=\"text-align: center;\"><span style=\"color: #999999;\"><strong>Wroc\u0142aw<\/strong><\/span>, ul Legnicka 72<br \/>\ntel. <strong>505 455 777<\/strong><\/p>\n<p style=\"text-align: center;\"><strong>Godziny otwarcia:<\/strong> pon-pt 9:00-21:00, sob 9:00-14:00<br \/>\n<strong>Nr konta:\u00a0<\/strong> 64 1090 1522 0000 0000 5202 0201<\/p>\n<p style=\"text-align: center;\">Wskaz\u00f3wki dojazdu: <a href=\"http:\/\/salon-urody.wroclaw.pl\/index.php\/kontakt-3\/kontakt\/\">dojazd<\/a><\/p>\n<div id=\"attachment_2575\" style=\"width: 310px\" class=\"wp-caption aligncenter\"><a href=\"http:\/\/http:\/\/salon-urody.wroclaw.pl\/\"><img decoding=\"async\" aria-describedby=\"caption-attachment-2575\" class=\"size-medium wp-image-2575 lazyload\" data-src=\"http:\/\/salon-urody.wroclaw.pl\/wp-content\/uploads\/2019\/01\/Instytut-Zdrowia-i-Urody-Fantastic-Body_Wroc\u0142aw-300x200.jpg\" alt=\"Fantastic_Body\" width=\"300\" height=\"200\" data-srcset=\"https:\/\/salon-urody.wroclaw.pl\/wp-content\/uploads\/2019\/01\/Instytut-Zdrowia-i-Urody-Fantastic-Body_Wroc\u0142aw-300x200.jpg 300w, https:\/\/salon-urody.wroclaw.pl\/wp-content\/uploads\/2019\/01\/Instytut-Zdrowia-i-Urody-Fantastic-Body_Wroc\u0142aw-150x100.jpg 150w, https:\/\/salon-urody.wroclaw.pl\/wp-content\/uploads\/2019\/01\/Instytut-Zdrowia-i-Urody-Fantastic-Body_Wroc\u0142aw-768x512.jpg 768w, https:\/\/salon-urody.wroclaw.pl\/wp-content\/uploads\/2019\/01\/Instytut-Zdrowia-i-Urody-Fantastic-Body_Wroc\u0142aw-1024x683.jpg 1024w\" data-sizes=\"(max-width: 300px) 100vw, 300px\" src=\"data:image\/svg+xml;base64,PHN2ZyB3aWR0aD0iMSIgaGVpZ2h0PSIxIiB4bWxucz0iaHR0cDovL3d3dy53My5vcmcvMjAwMC9zdmciPjwvc3ZnPg==\" style=\"--smush-placeholder-width: 300px; --smush-placeholder-aspect-ratio: 300\/200;\" \/><\/a><p id=\"caption-attachment-2575\" class=\"wp-caption-text\">Salon urody i Klinika odchudzania \u2013 Wroc\u0142aw<\/p><\/div>\n<div id=\"fb-root\"><a href=\"https:\/\/www.instagram.com\/fantastic.body.wroclaw\/\"><img decoding=\"async\" class=\"alignleft lazyload\" style=\"--smush-placeholder-width: 72px; --smush-placeholder-aspect-ratio: 72\/71;border: 0;\" data-src=\"https:\/\/cdn.pixabay.com\/photo\/2016\/08\/09\/17\/52\/instagram-1581266_960_720.jpg\" alt=\"INSTAGRAM\" width=\"72\" height=\"71\" src=\"data:image\/svg+xml;base64,PHN2ZyB3aWR0aD0iMSIgaGVpZ2h0PSIxIiB4bWxucz0iaHR0cDovL3d3dy53My5vcmcvMjAwMC9zdmciPjwvc3ZnPg==\" \/><\/a><\/div>\n<p><script async defer crossorigin=\"anonymous\" src=\"https:\/\/connect.facebook.net\/pl_PL\/sdk.js#xfbml=1&#038;version=v16.0\" nonce=\"eKVMTvDK\"><\/script><\/p>\n<div class=\"fb-page\" data-href=\"https:\/\/www.facebook.com\/fitness.wroclaw\/?locale=pl_PL\" data-tabs=\"timeline\" data-width=\"200\" data-height=\"80\" data-small-header=\"false\" data-adapt-container-width=\"true\" data-hide-cover=\"false\" data-show-facepile=\"true\">\n<blockquote class=\"fb-xfbml-parse-ignore\" cite=\"https:\/\/www.facebook.com\/fitness.wroclaw\/?locale=pl_PL\">\n<p style=\"text-align: center;\"><a href=\"https:\/\/www.facebook.com\/fitness.wroclaw\/?locale=pl_PL\">Salon Urody, kosmetyczny &#8211; Klinika odchudzania &#8211; Fantastic Body Instytut<\/a><\/p>\n<\/blockquote>\n<\/div>\n","protected":false},"excerpt":{"rendered":"<p>Instytut Urody Fantastic Body &#8211; Hifu, Klinika medycyny estetycznej, Kriolipoliza, Masa\u017ce i SPA &#8211; salon urody Wroc\u0142aw Wroc\u0142aw, ul Legnicka 72 tel. 505 455 777 Godziny otwarcia: pon-pt 9:00-21:00, sob 9:00-14:00 Nr konta:\u00a0 64 1090 1522 0000 0000 5202 0201 Wskaz\u00f3wki dojazdu: dojazd Salon Urody, kosmetyczny &#8211; Klinika odchudzania &#8211; Fantastic Body Instytut<\/p>\n","protected":false},"author":1,"featured_media":949,"parent":0,"menu_order":0,"comment_status":"open","ping_status":"open","template":"","meta":{"_uf_show_specific_survey":0,"_uf_disable_surveys":false,"__cvm_playback_settings":[],"__cvm_video_id":"","_glsr_average":0,"_glsr_ranking":0,"_glsr_reviews":0,"footnotes":""},"class_list":["post-1309","page","type-page","status-publish","has-post-thumbnail","czr-hentry"],"aioseo_notices":[],"_links":{"self":[{"href":"https:\/\/salon-urody.wroclaw.pl\/index.php\/wp-json\/wp\/v2\/pages\/1309","targetHints":{"allow":["GET"]}}],"collection":[{"href":"https:\/\/salon-urody.wroclaw.pl\/index.php\/wp-json\/wp\/v2\/pages"}],"about":[{"href":"https:\/\/salon-urody.wroclaw.pl\/index.php\/wp-json\/wp\/v2\/types\/page"}],"author":[{"embeddable":true,"href":"https:\/\/salon-urody.wroclaw.pl\/index.php\/wp-json\/wp\/v2\/users\/1"}],"replies":[{"embeddable":true,"href":"https:\/\/salon-urody.wroclaw.pl\/index.php\/wp-json\/wp\/v2\/comments?post=1309"}],"version-history":[{"count":1,"href":"https:\/\/salon-urody.wroclaw.pl\/index.php\/wp-json\/wp\/v2\/pages\/1309\/revisions"}],"predecessor-version":[{"id":4143,"href":"https:\/\/salon-urody.wroclaw.pl\/index.php\/wp-json\/wp\/v2\/pages\/1309\/revisions\/4143"}],"wp:featuredmedia":[{"embeddable":true,"href":"https:\/\/salon-urody.wroclaw.pl\/index.php\/wp-json\/wp\/v2\/media\/949"}],"wp:attachment":[{"href":"https:\/\/salon-urody.wroclaw.pl\/index.php\/wp-json\/wp\/v2\/media?parent=1309"}],"curies":[{"name":"wp","href":"https:\/\/api.w.org\/{rel}","templated":true}]}}