{"id":1154,"date":"2015-03-06T13:36:10","date_gmt":"2015-03-06T12:36:10","guid":{"rendered":"http:\/\/salon-urody.wroclaw.pl\/?page_id=1154"},"modified":"2023-02-21T00:16:48","modified_gmt":"2023-02-20T23:16:48","slug":"panna-mloda","status":"publish","type":"page","link":"https:\/\/salon-urody.wroclaw.pl\/index.php\/promocje\/panna-mloda\/","title":{"rendered":"Panna M\u0142oda"},"content":{"rendered":"<p><img decoding=\"async\" class=\"alignleft wp-image-1155 size-medium lazyload\" data-src=\"http:\/\/salon-urody.wroclaw.pl\/wp-content\/uploads\/2015\/03\/Zabiegi-przed-\u015blubem-198x300.jpg\" alt=\"Zabiegi przed \u015blubem\" width=\"198\" height=\"300\" data-wp-pid=\"1155\" data-srcset=\"https:\/\/salon-urody.wroclaw.pl\/wp-content\/uploads\/2015\/03\/Zabiegi-przed-\u015blubem-198x300.jpg 198w, https:\/\/salon-urody.wroclaw.pl\/wp-content\/uploads\/2015\/03\/Zabiegi-przed-\u015blubem-99x150.jpg 99w, https:\/\/salon-urody.wroclaw.pl\/wp-content\/uploads\/2015\/03\/Zabiegi-przed-\u015blubem.jpg 579w\" data-sizes=\"(max-width: 198px) 100vw, 198px\" src=\"data:image\/svg+xml;base64,PHN2ZyB3aWR0aD0iMSIgaGVpZ2h0PSIxIiB4bWxucz0iaHR0cDovL3d3dy53My5vcmcvMjAwMC9zdmciPjwvc3ZnPg==\" style=\"--smush-placeholder-width: 198px; --smush-placeholder-aspect-ratio: 198\/300;\" \/><\/p>\n<p>&nbsp;<\/p>\n<p>&nbsp;<\/p>\n<p><em>Panna M\u0142oda<\/em><\/p>\n<p>Przygotowuj\u0105c si\u0119 do jednego z najwznio\u015blejszych i najwa\u017cniejszych moment\u00f3w w \u017cyciu, pragniesz czu\u0107 si\u0119 pewnie i pi\u0119knie. Aby wyj\u015b\u0107 naprzeciw Twoim oczekiwaniom i spe\u0142ni\u0107 marzenia o idealnej sylwetce i nieskazitelnej cerze stworzyli\u015bmy rytua\u0142y, kt\u00f3re pomog\u0105 w osi\u0105gni\u0119ciu celu i pozwol\u0105 zab\u0142ysn\u0105\u0107 pe\u0142ni\u0105 blasku w dniu \u015blubu.<\/p>\n<p>Uwzgl\u0119dniaj\u0105c wieloaspektowo\u015b\u0107 przygotowa\u0144 na wst\u0119pne konsultacje zapraszamy ju\u017c na p\u00f3\u0142 roku przed planowan\u0105 dat\u0105. Wszelkie przygotowania rozpoczynamy od oczyszczenia cery i eksfoliacji starego nask\u00f3rka oraz dobrania do jej potrzeb najodpowiedniejszych zabieg\u00f3w piel\u0119gnacyjnych. Po dokonaniu diagnostyki zalecamy indywidualnie przygotowany program, kt\u00f3ry sprawi, \u017ce cera b\u0119dzie idealnie g\u0142adka i od\u017cywiona, co z kolei stanowi podstaw\u0119 eleganckiego i trwa\u0142ego makija\u017cu.<\/p>\n<p>Na 3 miesi\u0105ce przed \u015blubem rozpoczynamy uj\u0119drniaj\u0105ce i wysmuklaj\u0105ce sylwetk\u0119 rytua\u0142y na cia\u0142o. Jest to idealny moment na poddanie si\u0119 zabiegowi <a title=\"Kriolipoliza\" href=\"http:\/\/salon-urody.wroclaw.pl\/index.php\/pielegnacja-ciala\/kriolipoliza\/\">kriolipolizy<\/a>, kt\u00f3ra zniweluje miejscowy nadmiar tkanki t\u0142uszczowej. Je\u015bli chcesz skutecznie pozby\u0107 si\u0119 nadmiaru kilogram\u00f3w, wspomo\u017cemy Ci\u0119 profesjonaln\u0105 konsultacj\u0105 dietetyczn\u0105 i u\u0142o\u017ceniem 7 -dniowego planu \u017cywieniowego, kt\u00f3ry poprawi Tw\u00f3j metabolizm, sprawiaj\u0105c, \u017ce bez trudu za\u0142o\u017cysz wymarzony rozmiar sukni \u015blubnej. Aby przyspieszy\u0107 proces chudni\u0119cia, mo\u017cna skorzysta\u0107 z <a title=\"pakiety\" href=\"https:\/\/salon-urody.wroclaw.pl\/index.php\/pakiety-odchudzajace\/\">pakiet\u00f3w odchudzaj\u0105cych<\/a>.<\/p>\n<p>2 miesi\u0105ce do planowanej daty to ostatni sygna\u0142 na podj\u0119cie walki z niedoskona\u0142o\u015bciami sk\u00f3ry typu cellulit, pop\u0119kane naczynka czy niechciane ow\u0142osienie. Zabiegi laserowe pozwol\u0105 rozwi\u0105za\u0107 wi\u0119kszo\u015b\u0107 z tych problem\u00f3w. Dost\u0119pny w ofercie laser SHR sprawi, \u017ce sk\u00f3ra b\u0119dzie dos\u0142ownie g\u0142adka jak aksamit. Sk\u00f3ra na udach stanie si\u0119 j\u0119drna i napi\u0119ta po zastosowaniu, bezkonkurencyjnej w dziedzinie redukcji cellulitu -Fali uderzeniowej. Je\u015bli przeszkadzaj\u0105 Ci drobne niedoskona\u0142o\u015bci w postaci nadmiaru tkanki t\u0142uszczowej nad kolanami, na plecach czy ramionach zastosujemy serie <a title=\"liposukcja kawitacyjna\" href=\"http:\/\/salon-urody.wroclaw.pl\/index.php\/pielegnacja-ciala\/liposukcja-kawitacyjna-modelowanie-ciala-bez-skalpela\/\">liposukcji kawitacyjnych<\/a> na przemian z termo &#8211; modelingiem cia\u0142a <a title=\"RF\" href=\"http:\/\/salon-urody.wroclaw.pl\/index.php\/pielegnacja-ciala\/fale-radiowe-na-cialo\/\">radio \u2013 frekwencj\u0105<\/a>. Zrealizujemy te\u017c marzenia o p\u0142askim brzuchu &#8211; emulsyfikuj\u0105c kom\u00f3rki t\u0142uszczowe <a title=\"LipoLaser\" href=\"http:\/\/salon-urody.wroclaw.pl\/index.php\/pielegnacja-ciala\/lipo-laser\/\">LipoLaserem<\/a>. Nale\u017cy pami\u0119ta\u0107, \u017ce efekty powy\u017cszych zabieg\u00f3w daj\u0105 najlepsze rezultaty po 6 \u2013 8 tygodniach, wi\u0119c nie odk\u0142adajmy ich na ostatni\u0105 chwil\u0119.<\/p>\n<p>Na okres 6 tygodni przed \u015blubem warto w\u0142\u0105czy\u0107 w plan dnia czas na aktywno\u015b\u0107 fizyczn\u0105, kt\u00f3ra pomo\u017ce zredukowa\u0107 stres, ale te\u017c wyzwoli produkcj\u0119 endorfin \u2013 hormon\u00f3w szcz\u0119\u015bcia, kt\u00f3re pozwol\u0105 nam \u0142atwiej przetrwa\u0107 \u201eprzed\u015blubn\u0105 gor\u0105czk\u0119\u201d. Najch\u0119tniej Panie korzystaj\u0105 z urz\u0105dzenia <a href=\"https:\/\/salon-urody.wroclaw.pl\/index.php\/ems-body-sculpt-brazylijskie-posladki\/\">EMS Sculpt plus<\/a> oraz z <a href=\"https:\/\/salon-urody.wroclaw.pl\/index.php\/pielegnacja-ciala\/fala-uderzeniowa-double-wave\/\">Fali uderzeniowej<\/a>, kt\u00f3re daj\u0105 efekt uj\u0119drnienia i napi\u0119cia sk\u00f3ry w stosunkowo kr\u00f3tkim czasie w por\u00f3wnaniu do \u0107wicze\u0144 tradycyjnych.<\/p>\n<p><img decoding=\"async\" class=\"size-medium wp-image-1263 alignleft lazyload\" data-src=\"http:\/\/salon-urody.wroclaw.pl\/wp-content\/uploads\/2015\/03\/Zabiegi-dla-Panny-M\u0142odej-300x208.jpg\" alt=\"Zabiegi dla Panny M\u0142odej\" width=\"300\" height=\"208\" data-wp-pid=\"1263\" data-srcset=\"https:\/\/salon-urody.wroclaw.pl\/wp-content\/uploads\/2015\/03\/Zabiegi-dla-Panny-M\u0142odej-300x208.jpg 300w, https:\/\/salon-urody.wroclaw.pl\/wp-content\/uploads\/2015\/03\/Zabiegi-dla-Panny-M\u0142odej-150x104.jpg 150w, https:\/\/salon-urody.wroclaw.pl\/wp-content\/uploads\/2015\/03\/Zabiegi-dla-Panny-M\u0142odej.jpg 986w\" data-sizes=\"(max-width: 300px) 100vw, 300px\" src=\"data:image\/svg+xml;base64,PHN2ZyB3aWR0aD0iMSIgaGVpZ2h0PSIxIiB4bWxucz0iaHR0cDovL3d3dy53My5vcmcvMjAwMC9zdmciPjwvc3ZnPg==\" style=\"--smush-placeholder-width: 300px; --smush-placeholder-aspect-ratio: 300\/208;\" \/><\/p>\n<p>&nbsp;<\/p>\n<p>4 tygodnie przed uroczysto\u015bci\u0105 zalecamy spotkanie z wiza\u017cystk\u0105 i wykonanie <a title=\"Wiza\u017c\" href=\"http:\/\/salon-urody.wroclaw.pl\/index.php\/pielegnacja-twarzy\/wizaz\/\">pr\u00f3bnego makija\u017cu \u015blubnego<\/a>. Pozwoli on wyj\u015b\u0107 naprzeciw wizji przysz\u0142ej Panny M\u0142odej i zaspokoi\u0107 jej oczekiwania w stosunku do wymarzonego wygl\u0105du. Jest to te\u017c moment na ewentualne modyfikacje i zmiany koncepcji. Takie przygotowanie pozwoli z wi\u0119kszym spokojem oczekiwa\u0107 na ten \u201ewielki dzie\u0144\u201d.<\/p>\n<p>&nbsp;<\/p>\n<p>&nbsp;<\/p>\n<p><img decoding=\"async\" class=\"size-medium wp-image-1265 alignright lazyload\" data-src=\"http:\/\/salon-urody.wroclaw.pl\/wp-content\/uploads\/2015\/03\/relaksuj\u0105ce-masa\u017ce-Wroc\u0142aw-300x179.jpg\" alt=\"relaksuj\u0105ce masa\u017ce Wroc\u0142aw\" width=\"300\" height=\"179\" data-wp-pid=\"1265\" data-srcset=\"https:\/\/salon-urody.wroclaw.pl\/wp-content\/uploads\/2015\/03\/relaksuj\u0105ce-masa\u017ce-Wroc\u0142aw-300x179.jpg 300w, https:\/\/salon-urody.wroclaw.pl\/wp-content\/uploads\/2015\/03\/relaksuj\u0105ce-masa\u017ce-Wroc\u0142aw-150x90.jpg 150w, https:\/\/salon-urody.wroclaw.pl\/wp-content\/uploads\/2015\/03\/relaksuj\u0105ce-masa\u017ce-Wroc\u0142aw.jpg 646w\" data-sizes=\"(max-width: 300px) 100vw, 300px\" src=\"data:image\/svg+xml;base64,PHN2ZyB3aWR0aD0iMSIgaGVpZ2h0PSIxIiB4bWxucz0iaHR0cDovL3d3dy53My5vcmcvMjAwMC9zdmciPjwvc3ZnPg==\" style=\"--smush-placeholder-width: 300px; --smush-placeholder-aspect-ratio: 300\/179;\" \/>2 tygodnie do \u015blubu to idealny czas na od\u017cywczo \u2013 uj\u0119drniaj\u0105ce zabiegi na cia\u0142o, kt\u00f3re idealnie nawil\u017c\u0105 sk\u00f3r\u0119 i sprawi\u0105, \u017ce b\u0119dzie g\u0142adka, i napi\u0119ta w dotyku. Polecamy ciesz\u0105ce si\u0119 najwi\u0119ksz\u0105 popularno\u015bci\u0105 rytua\u0142y &#8211; <a title=\"Spa\" href=\"http:\/\/salon-urody.wroclaw.pl\/index.php\/pielegnacja-ciala\/raspberry-body-program-spa-detox\/\">Raspberry Body Program \u2013 Spa Detox<\/a> oraz <a title=\"Shape&amp;Correct\" href=\"http:\/\/salon-urody.wroclaw.pl\/index.php\/pielegnacja-ciala\/shape-correct-by-thalgo\/\">Shape &amp; Correct by Thalgo<\/a>.<\/p>\n<p>&nbsp;<\/p>\n<p>&nbsp;<\/p>\n<p>Tydzie\u0144 do uroczysto\u015bci to moment na ostatnie zabiegi nawil\u017caj\u0105ce buzi\u0119. <a title=\"Hydration\" href=\"http:\/\/salon-urody.wroclaw.pl\/index.php\/pielegnacja-twarzy\/absolute-hydration-ritual-thalgo\/\">Absolute Hydration Ritual by Thalgo<\/a> oraz <a title=\"Wodospad z\u0142ota\" href=\"http:\/\/salon-urody.wroclaw.pl\/index.php\/pielegnacja-twarzy\/wodospad-zlota\/\">Wodospad Z\u0142ota<\/a> wraz z masa\u017cem twarzy dodadz\u0105 Twojej cerze blasku i pozwol\u0105 na chwil\u0119 relaksu.\u00a0Na 3 dni przed \u015blubem czas zadba\u0107 o Twoje d\u0142onie i stopy. <a title=\"Pedicure\" href=\"http:\/\/salon-urody.wroclaw.pl\/index.php\/dlonie-i-stopy\/pedicure\/\">Pedicure<\/a> z malowaniem sprawi, \u017ce stopy b\u0119d\u0105 g\u0142adkie i eleganckie. Na d\u0142onie proponujemy od\u017cywczy zabieg z sonoforez\u0105 i ampu\u0142ka nawil\u017caj\u0105c\u0105 uwie\u0144czony <a title=\"manicure\" href=\"http:\/\/salon-urody.wroclaw.pl\/index.php\/dlonie-i-stopy\/manicure\/\">manicure francuskim<\/a> z artystycznymi zdobieniami na \u017cyczenie. W trakcie rytua\u0142\u00f3w piel\u0119gnacyjnych zadbamy te\u017c o wykonie henny rz\u0119s i regulacj\u0119 brwi, kt\u00f3ra doda wyrazisto\u015bci Twojemu spojrzeniu.<\/p>\n<p><img decoding=\"async\" class=\"wp-image-1267 alignleft lazyload\" data-src=\"http:\/\/salon-urody.wroclaw.pl\/wp-content\/uploads\/2015\/03\/\u015alubny-makija\u017c-297x300.jpg\" alt=\"\u015alubny makija\u017c\" width=\"222\" height=\"224\" data-wp-pid=\"1267\" data-srcset=\"https:\/\/salon-urody.wroclaw.pl\/wp-content\/uploads\/2015\/03\/\u015alubny-makija\u017c-297x300.jpg 297w, https:\/\/salon-urody.wroclaw.pl\/wp-content\/uploads\/2015\/03\/\u015alubny-makija\u017c-148x150.jpg 148w, https:\/\/salon-urody.wroclaw.pl\/wp-content\/uploads\/2015\/03\/\u015alubny-makija\u017c.jpg 969w\" data-sizes=\"(max-width: 222px) 100vw, 222px\" src=\"data:image\/svg+xml;base64,PHN2ZyB3aWR0aD0iMSIgaGVpZ2h0PSIxIiB4bWxucz0iaHR0cDovL3d3dy53My5vcmcvMjAwMC9zdmciPjwvc3ZnPg==\" style=\"--smush-placeholder-width: 222px; --smush-placeholder-aspect-ratio: 222\/224;\" \/><\/p>\n<p>&nbsp;<\/p>\n<p>&nbsp;<\/p>\n<p>W dniu \u015blubu pozostaje nam czas na same przyjemno\u015bci. Profesjonalna stylizacja wiza\u017cystki podkre\u015bli Twoje naturalne pi\u0119kno idealnym makija\u017cem.<\/p>\n<p>&nbsp;<\/p>\n<p>&nbsp;<\/p>\n<p>&nbsp;<\/p>\n<hr \/>\n<p><span style=\"color: #800080;\">Nowo\u015b\u0107!<\/span><\/p>\n<p>Dla niego. Ze wzgl\u0119du na cz\u0119ste zapytania przygotowali\u015bmy pakiet \u015blubny w m\u0119skim wydaniu.<\/p>\n<p><img decoding=\"async\" class=\"alignright wp-image-1301 size-thumbnail lazyload\" data-src=\"http:\/\/salon-urody.wroclaw.pl\/wp-content\/uploads\/2015\/03\/Pan-M\u0142ody-105x150.jpg\" alt=\"Pan M\u0142ody\" width=\"105\" height=\"150\" data-wp-pid=\"1301\" data-srcset=\"https:\/\/salon-urody.wroclaw.pl\/wp-content\/uploads\/2015\/03\/Pan-M\u0142ody-105x150.jpg 105w, https:\/\/salon-urody.wroclaw.pl\/wp-content\/uploads\/2015\/03\/Pan-M\u0142ody.jpg 200w\" data-sizes=\"(max-width: 105px) 100vw, 105px\" src=\"data:image\/svg+xml;base64,PHN2ZyB3aWR0aD0iMSIgaGVpZ2h0PSIxIiB4bWxucz0iaHR0cDovL3d3dy53My5vcmcvMjAwMC9zdmciPjwvc3ZnPg==\" style=\"--smush-placeholder-width: 105px; --smush-placeholder-aspect-ratio: 105\/150;\" \/>Pan M\u0142ody &#8211; 299 z\u0142<\/p>\n<ul>\n<li>2 \u00a0indywidualnie dobrane rytua\u0142y na twarz (oczyszczaj\u0105co &#8211; detoksykuj\u0105cy sk\u00f3r\u0119 oraz nawil\u017caj\u0105cy) po\u0142\u0105czone z relaksacyjnym masa\u017cem karku<\/li>\n<li>manicure m\u0119ski klasyczny + zmi\u0119kczaj\u0105ca parafina na d\u0142onie<\/li>\n<li>korekta brwi<\/li>\n<\/ul>\n<p>( opcjonalnie mo\u017cna poszerzy\u0107 ofert\u0119 o depilacj\u0119 woskiem lub makija\u017c korekcyjny w dniu \u015blubu )<\/p>\n<p>Zapraszamy Pa\u0144stwa M\u0142odych na <a href=\"http:\/\/instytut27.booksy.com\">konsultacje<\/a>.<\/p>\n<p>&nbsp;<\/p>\n","protected":false},"excerpt":{"rendered":"<p>&nbsp; &nbsp; Panna M\u0142oda Przygotowuj\u0105c si\u0119 do jednego z najwznio\u015blejszych i najwa\u017cniejszych moment\u00f3w w \u017cyciu, pragniesz czu\u0107 si\u0119 pewnie i pi\u0119knie. Aby wyj\u015b\u0107 naprzeciw Twoim oczekiwaniom i spe\u0142ni\u0107 marzenia o idealnej sylwetce i nieskazitelnej cerze stworzyli\u015bmy rytua\u0142y, kt\u00f3re pomog\u0105 w osi\u0105gni\u0119ciu celu i pozwol\u0105 zab\u0142ysn\u0105\u0107 pe\u0142ni\u0105 blasku w dniu \u015blubu. Uwzgl\u0119dniaj\u0105c wieloaspektowo\u015b\u0107 przygotowa\u0144 na wst\u0119pne [&hellip;]<\/p>\n","protected":false},"author":6,"featured_media":1155,"parent":160,"menu_order":0,"comment_status":"open","ping_status":"open","template":"","meta":{"_uf_show_specific_survey":0,"_uf_disable_surveys":false,"__cvm_playback_settings":[],"__cvm_video_id":"","_glsr_average":0,"_glsr_ranking":0,"_glsr_reviews":0,"footnotes":""},"class_list":["post-1154","page","type-page","status-publish","has-post-thumbnail","czr-hentry"],"aioseo_notices":[],"_links":{"self":[{"href":"https:\/\/salon-urody.wroclaw.pl\/index.php\/wp-json\/wp\/v2\/pages\/1154","targetHints":{"allow":["GET"]}}],"collection":[{"href":"https:\/\/salon-urody.wroclaw.pl\/index.php\/wp-json\/wp\/v2\/pages"}],"about":[{"href":"https:\/\/salon-urody.wroclaw.pl\/index.php\/wp-json\/wp\/v2\/types\/page"}],"author":[{"embeddable":true,"href":"https:\/\/salon-urody.wroclaw.pl\/index.php\/wp-json\/wp\/v2\/users\/6"}],"replies":[{"embeddable":true,"href":"https:\/\/salon-urody.wroclaw.pl\/index.php\/wp-json\/wp\/v2\/comments?post=1154"}],"version-history":[{"count":0,"href":"https:\/\/salon-urody.wroclaw.pl\/index.php\/wp-json\/wp\/v2\/pages\/1154\/revisions"}],"up":[{"embeddable":true,"href":"https:\/\/salon-urody.wroclaw.pl\/index.php\/wp-json\/wp\/v2\/pages\/160"}],"wp:featuredmedia":[{"embeddable":true,"href":"https:\/\/salon-urody.wroclaw.pl\/index.php\/wp-json\/wp\/v2\/media\/1155"}],"wp:attachment":[{"href":"https:\/\/salon-urody.wroclaw.pl\/index.php\/wp-json\/wp\/v2\/media?parent=1154"}],"curies":[{"name":"wp","href":"https:\/\/api.w.org\/{rel}","templated":true}]}}