{"id":113,"date":"2014-09-12T02:17:08","date_gmt":"2014-09-12T00:17:08","guid":{"rendered":"http:\/\/salon-urody.wroclaw.pl\/?page_id=113"},"modified":"2018-06-09T01:16:07","modified_gmt":"2018-06-08T23:16:07","slug":"pielegnacja-twarzy","status":"publish","type":"page","link":"https:\/\/salon-urody.wroclaw.pl\/index.php\/pielegnacja-twarzy\/","title":{"rendered":"Piel\u0119gnacja twarzy"},"content":{"rendered":"<p><img decoding=\"async\" class=\"alignnone wp-image-146 size-medium lazyload\" data-src=\"http:\/\/salon-urody.wroclaw.pl\/wp-content\/uploads\/2014\/12\/THALGO_Anti-Ageing-300x202.jpg\" alt=\"THALGO_Anti-Ageing\" width=\"300\" height=\"202\" data-srcset=\"https:\/\/salon-urody.wroclaw.pl\/wp-content\/uploads\/2014\/12\/THALGO_Anti-Ageing-300x202.jpg 300w, https:\/\/salon-urody.wroclaw.pl\/wp-content\/uploads\/2014\/12\/THALGO_Anti-Ageing-150x101.jpg 150w, https:\/\/salon-urody.wroclaw.pl\/wp-content\/uploads\/2014\/12\/THALGO_Anti-Ageing.jpg 555w\" data-sizes=\"(max-width: 300px) 100vw, 300px\" src=\"data:image\/svg+xml;base64,PHN2ZyB3aWR0aD0iMSIgaGVpZ2h0PSIxIiB4bWxucz0iaHR0cDovL3d3dy53My5vcmcvMjAwMC9zdmciPjwvc3ZnPg==\" style=\"--smush-placeholder-width: 300px; --smush-placeholder-aspect-ratio: 300\/202;\" \/><\/p>\n<p>G\u0142\u00f3wne przyczyny proces\u00f3w starzenia si\u0119 sk\u00f3ry.<br \/>\nNa procesy naturalnego starzenia si\u0119 niebagatelny wp\u0142yw maj\u0105 czynniki zewn\u0119trzne oraz tryb \u017cycia jaki prowadzimy. Gdyby\u015bmy nie grzeszyli tak przeciwko sobie, wygl\u0105daliby\u015bmy o wiele, wiele m\u0142odziej. Badania dowodz\u0105, \u017ce u 50-, 60-latek sk\u00f3ra w miejscach, kt\u00f3re cz\u0119sto poddawane by\u0142y dzia\u0142aniu promieni s\u0142onecznych, jest o 30 lat starsza! Bezlito\u015bnie katowana s\u0142o\u0144cem jest pobru\u017cd\u017cona grubymi, g\u0142\u0119bokimi zmarszczkami, ma o wiele wi\u0119cej przebarwie\u0144 ni\u017c ta starzej\u0105ca si\u0119 fizjologicznie. Palenie papieros\u00f3w postarza j\u0105 dodatkowo o lat 20. Nieodpowiednia dieta, stres, alkohol, zaniedbywanie czynno\u015bci higienicznych i piel\u0119gnacyjnych, zanieczyszczenia i warunki atmosferyczne, powszechne u\u017cywanie detergent\u00f3w i innych preparat\u00f3w chemicznych \u2013 wszystko to nak\u0142ada si\u0119 na siebie i dzia\u0142a jak piorunuj\u0105cy przyspieszacz.<\/p>\n<p><img decoding=\"async\" class=\"alignleft wp-image-716 size-medium lazyload\" data-src=\"http:\/\/salon-urody.wroclaw.pl\/wp-content\/uploads\/2015\/02\/Face-159x300.jpg\" alt=\"Piel\u0119gnacja twarzy - Wroc\u0142aw\" width=\"159\" height=\"300\" data-srcset=\"https:\/\/salon-urody.wroclaw.pl\/wp-content\/uploads\/2015\/02\/Face-159x300.jpg 159w, https:\/\/salon-urody.wroclaw.pl\/wp-content\/uploads\/2015\/02\/Face-80x150.jpg 80w, https:\/\/salon-urody.wroclaw.pl\/wp-content\/uploads\/2015\/02\/Face.jpg 415w\" data-sizes=\"(max-width: 159px) 100vw, 159px\" src=\"data:image\/svg+xml;base64,PHN2ZyB3aWR0aD0iMSIgaGVpZ2h0PSIxIiB4bWxucz0iaHR0cDovL3d3dy53My5vcmcvMjAwMC9zdmciPjwvc3ZnPg==\" style=\"--smush-placeholder-width: 159px; --smush-placeholder-aspect-ratio: 159\/300;\" \/><\/p>\n<p>Twarz jest te\u017c bardzo ruchliwa. Gdy si\u0119 \u015bmiejemy czy p\u0142aczemy, wok\u00f3\u0142 oczu tworzy si\u0119 siateczka zmarszczek, gdy rozmawiamy czy jemy, za\u0142amuje si\u0119 sk\u00f3ra wok\u00f3\u0142 ust i na policzkach. W chwilach zadumy czy gniewu marszczymy czo\u0142o. Oko\u0142o 30, zaczynamy zauwa\u017ca\u0107 up\u0142yw czasu, a po 40. \u2013 nie da si\u0119 go ju\u017c ukry\u0107. Grawitacji ulega te\u017c z natury bardzo cienka sk\u00f3ra na szyi. Ma sk\u0142onno\u015b\u0107 do przesuszania si\u0119, poniewa\u017c ma\u0142o jest w niej gruczo\u0142\u00f3w t\u0142uszczowych. Jest tak\u017ce mniej j\u0119drna, co powoduje, \u017ce szybciej si\u0119 starzeje.<\/p>\n<p>Genetyka rz\u0105dzi si\u0119 nieub\u0142aganymi prawami. Po okresie wzrostu, dojrzewania i rozkwitu nast\u0119puje najmniej przyjemny czas \u2013 starzenie si\u0119. Zmniejsza si\u0119 liczba aktywnych kom\u00f3rek w tkankach, w tym fibroblast\u00f3w odpowiedzialnych z produkcje w\u0142\u00f3kien kolagenowych i elastynowych. Odnowa kom\u00f3rkowa w nask\u00f3rku przebiega wolniej, zmniejszaj\u0105 si\u0119 jego mo\u017cliwo\u015bci ochronne, przepustowo\u015b\u0107 na sk\u0142adniki aktywne i jednocze\u015bnie pog\u0142\u0119bia si\u0119 odwodnienie. Skutki tych zmian staj\u0105 si\u0119 widoczne g\u0142\u00f3wnie tam, gdzie sk\u00f3ra jest najdelikatniejsza, a wi\u0119c na twarzy, szyi i dekolcie, kt\u00f3ry te\u017c nie ma pod\u015bci\u00f3\u0142ki t\u0142uszczowej, nie ma te\u017c mi\u0119\u015bni niezb\u0119dnych dla zachowania elastyczno\u015bci.<\/p>\n<p>Wprawdzie nie mo\u017cemy odwr\u00f3ci\u0107 proces\u00f3w starzenia si\u0119 sk\u00f3ry, ale mo\u017cemy, a wr\u0119cz musimy nieustannie piel\u0119gnowa\u0107 j\u0105 i od\u017cywia\u0107 za pomoc\u0105 zabieg\u00f3w piel\u0119gnacyjnych aktywnie nawil\u017caj\u0105cych nasz\u0105 sk\u00f3r\u0119.<\/p>\n<p>Aby wyj\u015b\u0107 naprzeciw tym zapotrzebowaniom stworzyli\u015bmy rytua\u0142y rewitalizuj\u0105ce przy u\u017cyciu najnowocze\u015bniejszych technologii dost\u0119pnych medycynie estetycznej oraz z zastosowaniem kosmetyk\u00f3w zawieraj\u0105cych aktywne biologicznie sk\u0142adniki dobroczynnie wp\u0142ywaj\u0105ce na od\u017cywienie naszej sk\u00f3ry.<\/p>\n<p>Polecamy zabiegi:<\/p>\n<p><a href=\"http:\/\/salon-urody.wroclaw.pl\/index.php\/pielegnacja-twarzy\/odzywienie-regeneracja\/wodospad-zlota\/\">GOLD MASK 24K<\/a><\/p>\n<p><a href=\"http:\/\/salon-urody.wroclaw.pl\/index.php\/pielegnacja-twarzy\/frost-peel\/\">HARD PEEL<\/a><\/p>\n<p><a href=\"http:\/\/salon-urody.wroclaw.pl\/index.php\/pielegnacja-twarzy\/odzywienie-regeneracja\/infuzja-tlenowa-zabieg-gwiazd\/\">INFUZJA TLENOWA<\/a><\/p>\n","protected":false},"excerpt":{"rendered":"<p>G\u0142\u00f3wne przyczyny proces\u00f3w starzenia si\u0119 sk\u00f3ry. Na procesy naturalnego starzenia si\u0119 niebagatelny wp\u0142yw maj\u0105 czynniki zewn\u0119trzne oraz tryb \u017cycia jaki prowadzimy. Gdyby\u015bmy nie grzeszyli tak przeciwko sobie, wygl\u0105daliby\u015bmy o wiele, wiele m\u0142odziej. Badania dowodz\u0105, \u017ce u 50-, 60-latek sk\u00f3ra w miejscach, kt\u00f3re cz\u0119sto poddawane by\u0142y dzia\u0142aniu promieni s\u0142onecznych, jest o 30 lat starsza! Bezlito\u015bnie katowana [&hellip;]<\/p>\n","protected":false},"author":1,"featured_media":0,"parent":0,"menu_order":0,"comment_status":"open","ping_status":"open","template":"","meta":{"_uf_show_specific_survey":0,"_uf_disable_surveys":false,"__cvm_playback_settings":[],"__cvm_video_id":"","_glsr_average":0,"_glsr_ranking":0,"_glsr_reviews":0,"footnotes":""},"class_list":["post-113","page","type-page","status-publish","czr-hentry"],"aioseo_notices":[],"_links":{"self":[{"href":"https:\/\/salon-urody.wroclaw.pl\/index.php\/wp-json\/wp\/v2\/pages\/113","targetHints":{"allow":["GET"]}}],"collection":[{"href":"https:\/\/salon-urody.wroclaw.pl\/index.php\/wp-json\/wp\/v2\/pages"}],"about":[{"href":"https:\/\/salon-urody.wroclaw.pl\/index.php\/wp-json\/wp\/v2\/types\/page"}],"author":[{"embeddable":true,"href":"https:\/\/salon-urody.wroclaw.pl\/index.php\/wp-json\/wp\/v2\/users\/1"}],"replies":[{"embeddable":true,"href":"https:\/\/salon-urody.wroclaw.pl\/index.php\/wp-json\/wp\/v2\/comments?post=113"}],"version-history":[{"count":0,"href":"https:\/\/salon-urody.wroclaw.pl\/index.php\/wp-json\/wp\/v2\/pages\/113\/revisions"}],"wp:attachment":[{"href":"https:\/\/salon-urody.wroclaw.pl\/index.php\/wp-json\/wp\/v2\/media?parent=113"}],"curies":[{"name":"wp","href":"https:\/\/api.w.org\/{rel}","templated":true}]}}