{"id":110,"date":"2014-09-12T02:14:04","date_gmt":"2014-09-12T00:14:04","guid":{"rendered":"http:\/\/salon-urody.wroclaw.pl\/?page_id=110"},"modified":"2015-03-17T21:22:11","modified_gmt":"2015-03-17T20:22:11","slug":"pielegnacja-ciala","status":"publish","type":"page","link":"https:\/\/salon-urody.wroclaw.pl\/index.php\/pielegnacja-ciala\/","title":{"rendered":"Piel\u0119gnacja cia\u0142a"},"content":{"rendered":"<p><img decoding=\"async\" class=\"aligncenter size-medium wp-image-129 lazyload\" data-src=\"http:\/\/salon-urody.wroclaw.pl\/wp-content\/uploads\/2014\/09\/zabieg-Vella-Slim-brzuch-small-300x199.jpg\" alt=\"zabieg Vella Slim - brzuch\" width=\"300\" height=\"199\" data-srcset=\"https:\/\/salon-urody.wroclaw.pl\/wp-content\/uploads\/2014\/09\/zabieg-Vella-Slim-brzuch-small-300x199.jpg 300w, https:\/\/salon-urody.wroclaw.pl\/wp-content\/uploads\/2014\/09\/zabieg-Vella-Slim-brzuch-small-150x100.jpg 150w, https:\/\/salon-urody.wroclaw.pl\/wp-content\/uploads\/2014\/09\/zabieg-Vella-Slim-brzuch-small.jpg 858w\" data-sizes=\"(max-width: 300px) 100vw, 300px\" src=\"data:image\/svg+xml;base64,PHN2ZyB3aWR0aD0iMSIgaGVpZ2h0PSIxIiB4bWxucz0iaHR0cDovL3d3dy53My5vcmcvMjAwMC9zdmciPjwvc3ZnPg==\" style=\"--smush-placeholder-width: 300px; --smush-placeholder-aspect-ratio: 300\/199;\" \/><\/p>\n<p>&nbsp;<\/p>\n<p>Piel\u0119gnacja cia\u0142a.<\/p>\n<p>\u201eW zdrowym ciele, zdrowy duch\u201d &#8211; nie od dzi\u015b potwierdzaj\u0105 si\u0119 s\u0142owa poety Juwenalisa &#8211; <em>Mens sana in corpore sano<\/em>. Cech\u0105 charakterystyczn\u0105 rasy ludzkiej jest pragnienie, aby wed\u0142ug obowi\u0105zuj\u0105cych kanon\u00f3w pi\u0119kna wygl\u0105da\u0107 jak najatrakcyjniej i najd\u0142u\u017cej, jak jest to mo\u017cliwe. Pogo\u0144 za idealnym wygl\u0105dem pobudza dynamicznie zmieniaj\u0105cy si\u0119 rynek medycyny estetycznej i kosmetyczny do tworzenia technologii pozwalaj\u0105cych nam zachowa\u0107 zdrowy, pi\u0119kny wygl\u0105d. Nowatorskie urz\u0105dzenia dostarczaj\u0105 pacjentom mo\u017cliwo\u015b\u0107 zadbania o wszelkie aspekty urody, pozwalaj\u0105 wyszczupli\u0107 sylwetk\u0119, uj\u0119drni\u0107 sk\u00f3r\u0119, pozby\u0107 si\u0119 niechcianych rozst\u0119p\u00f3w, znamion czy zniwelowa\u0107 pierwsze oznaki starzenia. Idealnym przyk\u0142adem jest rozw\u00f3j technologii laserowych w przemy\u015ble kosmetycznym od pocz\u0105tku lat 90&#8242;. Wpierw u\u017cywany by\u0142 do usuwania zb\u0119dnego ow\u0142osienia, a obecnie spektrum jego zastosowania obejmuje zabiegi modelowania cia\u0142a (<a title=\"LipoLaser\" href=\"http:\/\/salon-urody.wroclaw.pl\/index.php\/pielegnacja-ciala\/lipo-laser\/\">Lipo Laser<\/a>), a tak\u017ce leczenia wszelkich niedoskona\u0142o\u015bci cery czy jej odm\u0142adzania. Swoje miejsce w dziedzinie zabieg\u00f3w upi\u0119kszaj\u0105cych znalaz\u0142a r\u00f3wnie\u017c <a title=\"RF\" href=\"http:\/\/salon-urody.wroclaw.pl\/index.php\/pielegnacja-ciala\/fale-radiowe-na-cialo\/\">radio-frekwencja RF<\/a> \u2013 bezkonkurencyjna w napinaniu sk\u00f3ry, g\u0142\u0119boka podczerwie\u0144 (IR) czy <a title=\"liposukcja\" href=\"http:\/\/salon-urody.wroclaw.pl\/index.php\/pielegnacja-ciala\/liposukcja-kawitacyjna-modelowanie-ciala-bez-skalpela\/\">ultrad\u017awi\u0119ki<\/a>. Wszystkie z metod udoskonalania naszego wygl\u0105du dost\u0119pne na rynku medycyny estetycznej w po\u0142\u0105czeniu ze zdrow\u0105 diet\u0105, aktywno\u015bci\u0105 i odpowiedni\u0105 dawk\u0105 snu zdecydowanie zapewniaj\u0105 lepsze samopoczucie. Zadbane cia\u0142o wp\u0142ywa pozytywnie na nasze zdrowie psychiczne, sprawia, \u017ce czujemy si\u0119 w nim dobrze, a to z kolei zwi\u0119ksza nasze poczucie atrakcyjno\u015bci oraz og\u00f3lne zadowolenie z \u017cycia.<\/p>\n","protected":false},"excerpt":{"rendered":"<p>&nbsp; Piel\u0119gnacja cia\u0142a. \u201eW zdrowym ciele, zdrowy duch\u201d &#8211; nie od dzi\u015b potwierdzaj\u0105 si\u0119 s\u0142owa poety Juwenalisa &#8211; Mens sana in corpore sano. Cech\u0105 charakterystyczn\u0105 rasy ludzkiej jest pragnienie, aby wed\u0142ug obowi\u0105zuj\u0105cych kanon\u00f3w pi\u0119kna wygl\u0105da\u0107 jak najatrakcyjniej i najd\u0142u\u017cej, jak jest to mo\u017cliwe. Pogo\u0144 za idealnym wygl\u0105dem pobudza dynamicznie zmieniaj\u0105cy si\u0119 rynek medycyny estetycznej i [&hellip;]<\/p>\n","protected":false},"author":1,"featured_media":1378,"parent":0,"menu_order":0,"comment_status":"open","ping_status":"open","template":"","meta":{"_uf_show_specific_survey":0,"_uf_disable_surveys":false,"__cvm_playback_settings":[],"__cvm_video_id":"","_glsr_average":0,"_glsr_ranking":0,"_glsr_reviews":0,"footnotes":""},"class_list":["post-110","page","type-page","status-publish","has-post-thumbnail","czr-hentry"],"aioseo_notices":[],"_links":{"self":[{"href":"https:\/\/salon-urody.wroclaw.pl\/index.php\/wp-json\/wp\/v2\/pages\/110","targetHints":{"allow":["GET"]}}],"collection":[{"href":"https:\/\/salon-urody.wroclaw.pl\/index.php\/wp-json\/wp\/v2\/pages"}],"about":[{"href":"https:\/\/salon-urody.wroclaw.pl\/index.php\/wp-json\/wp\/v2\/types\/page"}],"author":[{"embeddable":true,"href":"https:\/\/salon-urody.wroclaw.pl\/index.php\/wp-json\/wp\/v2\/users\/1"}],"replies":[{"embeddable":true,"href":"https:\/\/salon-urody.wroclaw.pl\/index.php\/wp-json\/wp\/v2\/comments?post=110"}],"version-history":[{"count":0,"href":"https:\/\/salon-urody.wroclaw.pl\/index.php\/wp-json\/wp\/v2\/pages\/110\/revisions"}],"wp:featuredmedia":[{"embeddable":true,"href":"https:\/\/salon-urody.wroclaw.pl\/index.php\/wp-json\/wp\/v2\/media\/1378"}],"wp:attachment":[{"href":"https:\/\/salon-urody.wroclaw.pl\/index.php\/wp-json\/wp\/v2\/media?parent=110"}],"curies":[{"name":"wp","href":"https:\/\/api.w.org\/{rel}","templated":true}]}}