{"id":1038,"date":"2015-03-02T14:14:32","date_gmt":"2015-03-02T13:14:32","guid":{"rendered":"http:\/\/salon-urody.wroclaw.pl\/?page_id=1038"},"modified":"2017-02-02T13:40:30","modified_gmt":"2017-02-02T12:40:30","slug":"wizaz","status":"publish","type":"page","link":"https:\/\/salon-urody.wroclaw.pl\/index.php\/pielegnacja-twarzy\/wizaz\/","title":{"rendered":"Wiza\u017c"},"content":{"rendered":"<p><span style=\"color: #800080;\">Wiza\u017c<\/span><\/p>\n<p><a href=\"http:\/\/salon-urody.wroclaw.pl\/wp-content\/uploads\/2015\/03\/Makija\u017c-\u015blubny-wroc\u0142aw.jpg\"><img decoding=\"async\" class=\"wp-image-1040 alignright lazyload\" data-src=\"http:\/\/salon-urody.wroclaw.pl\/wp-content\/uploads\/2015\/03\/Makija\u017c-\u015blubny-wroc\u0142aw-216x300.jpg\" alt=\"Makija\u017c \u015blubny wroc\u0142aw\" width=\"230\" height=\"320\" data-wp-pid=\"1040\" data-srcset=\"https:\/\/salon-urody.wroclaw.pl\/wp-content\/uploads\/2015\/03\/Makija\u017c-\u015blubny-wroc\u0142aw-216x300.jpg 216w, https:\/\/salon-urody.wroclaw.pl\/wp-content\/uploads\/2015\/03\/Makija\u017c-\u015blubny-wroc\u0142aw-108x150.jpg 108w, https:\/\/salon-urody.wroclaw.pl\/wp-content\/uploads\/2015\/03\/Makija\u017c-\u015blubny-wroc\u0142aw.jpg 551w\" data-sizes=\"(max-width: 230px) 100vw, 230px\" src=\"data:image\/svg+xml;base64,PHN2ZyB3aWR0aD0iMSIgaGVpZ2h0PSIxIiB4bWxucz0iaHR0cDovL3d3dy53My5vcmcvMjAwMC9zdmciPjwvc3ZnPg==\" style=\"--smush-placeholder-width: 230px; --smush-placeholder-aspect-ratio: 230\/320;\" \/><\/a>Artystyczny makija\u017c powinien subtelnie podkre\u015bla\u0107 urod\u0119 i tuszowa\u0107 wszelkie niedoskona\u0142o\u015bci. Pi\u0119kna sk\u00f3ra bez skazy, umiej\u0119tnie podkre\u015blone oczy i uwydatnione usta s\u0105 marzeniem ka\u017cdej kobiety. Odpowiednio dobrana kolorystyka potrafi tak\u017ce uj\u0105\u0107 par\u0119 lat i pozwoli\u0107 poczu\u0107 si\u0119 m\u0142odziej. Podobnie jak ubi\u00f3r jest cz\u0119\u015bci\u0105 wizerunku i odzwierciedla nasz styl. Do\u015bwiadczony wiza\u017cysta wyka\u017ce si\u0119 poczuciem smaku i estetyki, umiej\u0119tnie rozr\u00f3\u017cni typ sk\u00f3ry, dobierze odpowiednie kosmetyki sprawiaj\u0105c, \u017ce poczujemy si\u0119 wyj\u0105tkowo pi\u0119knie, a przy okazji znacznie wzro\u015bnie nasza pewno\u015b\u0107 siebie. Bior\u0105c sobie za cel jak najwy\u017csza jako\u015b\u0107 us\u0142ug podj\u0119li\u015bmy wsp\u00f3\u0142prac\u0119 z profesjonaln\u0105 charakteryzatork\u0105 filmowo &#8211; teatraln\u0105. Od ponad 10 lat uczestniczy w stylizowaniu gwiazd jednej z najwi\u0119kszych stacji telewizyjnych, aktor\u00f3w teatralnych oraz modeli przy pokazach Fashion. Jej do\u015bwiadczenie, precyzja i fantazja oraz praca na najwy\u017cszej jako\u015bci kosmetykach (Mac, Dior, Helena Rubinstein, Lancome, Mary Key) pozwol\u0105 ka\u017cdej z Pa\u0144 poczu\u0107 si\u0119 wyj\u0105tkowo pi\u0119knie bez wzgl\u0119du na okazj\u0119.<\/p>\n<p>&nbsp;<\/p>\n<p>&nbsp;<\/p>\n<p><a href=\"http:\/\/salon-urody.wroclaw.pl\/wp-content\/uploads\/2015\/03\/Zabiegi-dla-Panny-M\u0142odej-Wroc\u0142aw.jpg\"><img decoding=\"async\" class=\"wp-image-1041 alignleft lazyload\" data-src=\"http:\/\/salon-urody.wroclaw.pl\/wp-content\/uploads\/2015\/03\/Zabiegi-dla-Panny-M\u0142odej-Wroc\u0142aw-201x300.jpg\" alt=\"Zabiegi dla Panny M\u0142odej Wroc\u0142aw\" width=\"229\" height=\"342\" data-wp-pid=\"1041\" data-srcset=\"https:\/\/salon-urody.wroclaw.pl\/wp-content\/uploads\/2015\/03\/Zabiegi-dla-Panny-M\u0142odej-Wroc\u0142aw-201x300.jpg 201w, https:\/\/salon-urody.wroclaw.pl\/wp-content\/uploads\/2015\/03\/Zabiegi-dla-Panny-M\u0142odej-Wroc\u0142aw-101x150.jpg 101w, https:\/\/salon-urody.wroclaw.pl\/wp-content\/uploads\/2015\/03\/Zabiegi-dla-Panny-M\u0142odej-Wroc\u0142aw.jpg 394w\" data-sizes=\"(max-width: 229px) 100vw, 229px\" src=\"data:image\/svg+xml;base64,PHN2ZyB3aWR0aD0iMSIgaGVpZ2h0PSIxIiB4bWxucz0iaHR0cDovL3d3dy53My5vcmcvMjAwMC9zdmciPjwvc3ZnPg==\" style=\"--smush-placeholder-width: 229px; --smush-placeholder-aspect-ratio: 229\/342;\" \/><\/a><span style=\"color: #666699;\"><strong>Makija\u017c \u015blubny<\/strong><\/span><\/p>\n<p>\u015alub jest jednym z najpi\u0119kniejszych moment\u00f3w w \u017cyciu ka\u017cdej kobiety. Wymaga miesi\u0119cy przygotowa\u0144, planowania i jak najlepszej organizacji. Niezmiernie wa\u017cnym etapem jest tworzenie stylizacji \u015blubnej \u2013 dob\u00f3r sukni, bi\u017cuterii, bukietu, fryzury oraz makija\u017cu kt\u00f3ry podkre\u015bli pi\u0119kno Panny M\u0142odej. <span style=\"color: #666699;\"><strong>Makija\u017c pr\u00f3bny<\/strong><\/span> powinien odby\u0107 si\u0119 z wyprzedzeniem czasowym, aby pom\u00f3c przygotowa\u0107 sk\u00f3r\u0119 i zaleci\u0107 stosown\u0105 piel\u0119gnacj\u0119, ale przede wszystkim jest momentem wyj\u015bcia naprzeciw wizji przysz\u0142ej Panny M\u0142odej i zaspokojeniu jej oczekiwa\u0144 w stosunku do wymarzonego wygl\u0105du. Mo\u017cliwo\u015b\u0107 wcze\u015bniejszego zobaczenia czy efekty pracy s\u0105 zgodne z wizj\u0105, a tak\u017ce ewentualne jej modyfikacje pozwol\u0105 ze spokojem oczekiwa\u0107 na ten wielki dzie\u0144.<\/p>\n<p><strong>Makija\u017c pr\u00f3bny<\/strong> \u2013 150 z\u0142<\/p>\n<p><strong>Makija\u017c \u015blubny<\/strong> (+ zag\u0119szczanie rz\u0119s) \u2013 200 z\u0142<\/p>\n<p><strong>Makija\u017c wieczorowy, okazjonalny<\/strong> \u2013 180 z\u0142<\/p>\n<p>&nbsp;<\/p>\n<p>Spotkania w sprawie stylizacji makija\u017cu, na \u017cyczenie, mog\u0105 odbywa\u0107 si\u0119 w zaciszu w\u0142asnego domu.<\/p>\n<p>&nbsp;<\/p>\n<p><span style=\"color: #800080;\"><img decoding=\"async\" class=\"wp-image-1053 alignright lazyload\" data-src=\"http:\/\/salon-urody.wroclaw.pl\/wp-content\/uploads\/2015\/03\/Wiecz\u00f3r-Panie\u0144ski-197x300.jpg\" alt=\"Wiecz\u00f3r Panie\u0144ski\" width=\"210\" height=\"320\" data-wp-pid=\"1053\" data-srcset=\"https:\/\/salon-urody.wroclaw.pl\/wp-content\/uploads\/2015\/03\/Wiecz\u00f3r-Panie\u0144ski-197x300.jpg 197w, https:\/\/salon-urody.wroclaw.pl\/wp-content\/uploads\/2015\/03\/Wiecz\u00f3r-Panie\u0144ski-99x150.jpg 99w, https:\/\/salon-urody.wroclaw.pl\/wp-content\/uploads\/2015\/03\/Wiecz\u00f3r-Panie\u0144ski.jpg 389w\" data-sizes=\"(max-width: 210px) 100vw, 210px\" src=\"data:image\/svg+xml;base64,PHN2ZyB3aWR0aD0iMSIgaGVpZ2h0PSIxIiB4bWxucz0iaHR0cDovL3d3dy53My5vcmcvMjAwMC9zdmciPjwvc3ZnPg==\" style=\"--smush-placeholder-width: 210px; --smush-placeholder-aspect-ratio: 210\/320;\" \/>Nowo\u015b\u0107!<\/span><\/p>\n<p><strong><span style=\"color: #666699;\">Wiecz\u00f3r panie\u0144ski<\/span><\/strong> \u2013 okazja do wsp\u00f3lnego sp\u0119dzenia czasu z druhnami i najbli\u017cszymi w magicznej otoczce pe\u0142nego kolor\u00f3w \u015bwiata wiza\u017cu. Wspania\u0142y wst\u0119p do udanego wieczoru poprzez przygotowanie indywidualnych stylizacji i wyj\u015bciowego makija\u017cu ka\u017cdej ch\u0119tnej uczestniczce imprezy w wybranym przez Ciebie miejscu. Spraw, aby ten wiecz\u00f3r by\u0142 naprawd\u0119 wyj\u0105tkowy i zagwarantuj sobie niezapomniane wspomnienia, o kt\u00f3rych wszyscy b\u0119d\u0105 m\u00f3wi\u0107!<\/p>\n<p>&nbsp;<\/p>\n<p>&nbsp;<\/p>\n<p>&nbsp;<\/p>\n<p>&nbsp;<\/p>\n","protected":false},"excerpt":{"rendered":"<p>Wiza\u017c Artystyczny makija\u017c powinien subtelnie podkre\u015bla\u0107 urod\u0119 i tuszowa\u0107 wszelkie niedoskona\u0142o\u015bci. Pi\u0119kna sk\u00f3ra bez skazy, umiej\u0119tnie podkre\u015blone oczy i uwydatnione usta s\u0105 marzeniem ka\u017cdej kobiety. Odpowiednio dobrana kolorystyka potrafi tak\u017ce uj\u0105\u0107 par\u0119 lat i pozwoli\u0107 poczu\u0107 si\u0119 m\u0142odziej. Podobnie jak ubi\u00f3r jest cz\u0119\u015bci\u0105 wizerunku i odzwierciedla nasz styl. Do\u015bwiadczony wiza\u017cysta wyka\u017ce si\u0119 poczuciem smaku i [&hellip;]<\/p>\n","protected":false},"author":6,"featured_media":1040,"parent":113,"menu_order":0,"comment_status":"open","ping_status":"open","template":"","meta":{"_uf_show_specific_survey":0,"_uf_disable_surveys":false,"__cvm_playback_settings":[],"__cvm_video_id":"","_glsr_average":0,"_glsr_ranking":0,"_glsr_reviews":0,"footnotes":""},"class_list":["post-1038","page","type-page","status-publish","has-post-thumbnail","czr-hentry"],"aioseo_notices":[],"_links":{"self":[{"href":"https:\/\/salon-urody.wroclaw.pl\/index.php\/wp-json\/wp\/v2\/pages\/1038","targetHints":{"allow":["GET"]}}],"collection":[{"href":"https:\/\/salon-urody.wroclaw.pl\/index.php\/wp-json\/wp\/v2\/pages"}],"about":[{"href":"https:\/\/salon-urody.wroclaw.pl\/index.php\/wp-json\/wp\/v2\/types\/page"}],"author":[{"embeddable":true,"href":"https:\/\/salon-urody.wroclaw.pl\/index.php\/wp-json\/wp\/v2\/users\/6"}],"replies":[{"embeddable":true,"href":"https:\/\/salon-urody.wroclaw.pl\/index.php\/wp-json\/wp\/v2\/comments?post=1038"}],"version-history":[{"count":0,"href":"https:\/\/salon-urody.wroclaw.pl\/index.php\/wp-json\/wp\/v2\/pages\/1038\/revisions"}],"up":[{"embeddable":true,"href":"https:\/\/salon-urody.wroclaw.pl\/index.php\/wp-json\/wp\/v2\/pages\/113"}],"wp:featuredmedia":[{"embeddable":true,"href":"https:\/\/salon-urody.wroclaw.pl\/index.php\/wp-json\/wp\/v2\/media\/1040"}],"wp:attachment":[{"href":"https:\/\/salon-urody.wroclaw.pl\/index.php\/wp-json\/wp\/v2\/media?parent=1038"}],"curies":[{"name":"wp","href":"https:\/\/api.w.org\/{rel}","templated":true}]}}