{"id":1010,"date":"2015-02-27T14:05:36","date_gmt":"2015-02-27T13:05:36","guid":{"rendered":"http:\/\/salon-urody.wroclaw.pl\/?page_id=1010"},"modified":"2023-06-30T15:35:09","modified_gmt":"2023-06-30T13:35:09","slug":"usuwanie-rozstepow-mezoterapia-mikroiglowa","status":"publish","type":"page","link":"https:\/\/salon-urody.wroclaw.pl\/index.php\/pielegnacja-ciala\/usuwanie-rozstepow-mezoterapia-mikroiglowa\/","title":{"rendered":"Usuwanie rozst\u0119p\u00f3w &#8211; Mezoterapia Mikroig\u0142owa"},"content":{"rendered":"<p><span style=\"color: #800000;\">Redukcja rozst\u0119p\u00f3w \u2013 Mezoterapia Mikroig\u0142owa<\/span><\/p>\n<p>Metoda nak\u0142uwania sr\u00f3dsk\u00f3rnego jako zabieg przej\u015bciowy mi\u0119dzy mezoterapi\u0105 bezig\u0142ow\u0105, a ig\u0142ow\u0105 \u0142\u0105czy w sobie najlepsze cechy kosmetologii i medycyny estetycznej. Jest bezbolesna, pobudza i stymuluje nask\u00f3rek, zwi\u0119kszaj\u0105c kilkakrotnie jego przepuszczalno\u015b\u0107. Dzi\u0119ki temu zjawisku jeste\u015bmy w stanie zaaplikowa\u0107 st\u0119\u017cone serum na odpowiedniej g\u0142\u0119boko\u015bci. Birewitalizacji sk\u00f3ry nast\u0119puje w naturalny spos\u00f3b pobudzaj\u0105c j\u0105 do autoregeneracji, zwi\u0119kszaj\u0105c jej g\u0119sto\u015b\u0107 oraz znacznie redukuj\u0105c widoczno\u015b\u0107 rozst\u0119p\u00f3w. Zastosowanie nowoczesnej technologii Mezo Pen&#8217;a pozwala indywidualnie dopasowa\u0107 g\u0142\u0119boko\u015b\u0107 nak\u0142u\u0107 w zale\u017cno\u015bci od kondycji sk\u00f3ry. Ko\u0144c\u00f3wka zako\u0144czona igie\u0142kami pozwala na wprowadzenie pod sk\u00f3r\u0119 kwasu hialuronowego oraz serum Anit-Stretch\u00ae zawieraj\u0105cego kom\u00f3rki macierzyste oraz sk\u0142adniki aktywne odpowiedzialne za odbudow\u0119 sk\u00f3ry.<\/p>\n<p><span style=\"color: #800000;\">\u00a0Zalety:<\/span><\/p>\n<ul>\n<li>najbardziej efektywna metoda pobudzaj\u0105ca sk\u00f3r\u0119 do autoregeneracji<\/li>\n<li>zwi\u0119kszenie g\u0119sto\u015bci i napi\u0119cia sk\u00f3ry (spektakularne rezultaty w przypadku uj\u0119drniania sk\u00f3ry na brzuchu, np. po ci\u0105\u017cy)<\/li>\n<li>znaczna redukcja widoczno\u015bci rozst\u0119p\u00f3w<\/li>\n<li>wysoka sterylno\u015b\u0107 zabiegu, poprzez stosowanie jednorazowych g\u0142owic stymuluj\u0105cych<\/li>\n<li>mo\u017cliwo\u015b\u0107 regulowania intensywno\u015bci i g\u0142\u0119boko\u015bci nak\u0142u\u0107<\/li>\n<li>bezbolesno\u015b\u0107 wykonywanego zabiegu<\/li>\n<\/ul>\n<p>&nbsp;<\/p>\n<p><span style=\"color: #800000;\">\u00a0Wskazania:<\/span><\/p>\n<p>&nbsp;<\/p>\n<ul>\n<li>rozst\u0119py w okolicach brzucha, na nogach, plecach, po\u015bladkach czy ramionach<\/li>\n<li>wiotka, cienka, rozci\u0105gni\u0119ta sk\u00f3ra pozbawiona elastyczno\u015bci<\/li>\n<li>sk\u00f3ra przesuszona wymagaj\u0105ca intensywnego nawil\u017cenia<\/li>\n<\/ul>\n<p>&nbsp;<\/p>\n<p>Przeciwwskazania:<\/p>\n<p>&nbsp;<\/p>\n<ul>\n<li>przerwana ci\u0105g\u0142o\u015b\u0107 nask\u00f3rka, rany, zmiany nowotworowe, ci\u0105\u017ca i okres laktacji, brodawki i pieprzyki w okolicy zabiegowej, zmiany wirusowe, znamiona<\/li>\n<\/ul>\n<p>&nbsp;<\/p>\n<p><a href=\"http:\/\/salon-urody.wroclaw.pl\/wp-content\/uploads\/2015\/02\/Usuwanie-rozst\u0119p\u00f3w-Wroc\u0142aw.jpg\"><img decoding=\"async\" class=\"size-medium wp-image-1014 alignleft lazyload\" data-src=\"http:\/\/salon-urody.wroclaw.pl\/wp-content\/uploads\/2015\/02\/Usuwanie-rozst\u0119p\u00f3w-Wroc\u0142aw-300x287.jpg\" alt=\"Usuwanie rozst\u0119p\u00f3w - Wroc\u0142aw\" width=\"300\" height=\"287\" data-wp-pid=\"1014\" data-srcset=\"https:\/\/salon-urody.wroclaw.pl\/wp-content\/uploads\/2015\/02\/Usuwanie-rozst\u0119p\u00f3w-Wroc\u0142aw-300x287.jpg 300w, https:\/\/salon-urody.wroclaw.pl\/wp-content\/uploads\/2015\/02\/Usuwanie-rozst\u0119p\u00f3w-Wroc\u0142aw-150x143.jpg 150w, https:\/\/salon-urody.wroclaw.pl\/wp-content\/uploads\/2015\/02\/Usuwanie-rozst\u0119p\u00f3w-Wroc\u0142aw.jpg 627w\" data-sizes=\"(max-width: 300px) 100vw, 300px\" src=\"data:image\/svg+xml;base64,PHN2ZyB3aWR0aD0iMSIgaGVpZ2h0PSIxIiB4bWxucz0iaHR0cDovL3d3dy53My5vcmcvMjAwMC9zdmciPjwvc3ZnPg==\" style=\"--smush-placeholder-width: 300px; --smush-placeholder-aspect-ratio: 300\/287;\" \/><\/a>Czas trwania terapii uzale\u017cniony jest od wielko\u015bci obszaru zabiegowego. Zaleca si\u0119 wykonanie serii oko\u0142o 6 \u2013 8 zabieg\u00f3w na dana parti\u0119 cia\u0142a w odst\u0119pach 2 tygodniowych. Dla osi\u0105gni\u0119cia jak najlepszych rezultat\u00f3w w jak najkr\u00f3tszym czasie polecamy \u0142\u0105czenie mezoterapii mikroig\u0142owej na przemian z <a title=\"Mikrodermabrazja\" href=\"http:\/\/salon-urody.wroclaw.pl\/index.php\/pielegnacja-twarzy\/mikrodermabrazja-diamentowa\/\">mikrodermabrazj\u0105 diamentow\u0105<\/a>. Wp\u0142ywa to na znaczne sp\u0142ycenie rozst\u0119p\u00f3w i sprawia, \u017ce staj\u0105 si\u0119 prawie niewidoczne. Indywidualny tryb leczenia zostanie uzgodniony po wst\u0119pnej konsultacji i dobraniu najefektywniejszych metod do konkretnego problemu.<\/p>\n<p>&nbsp;<\/p>\n<p>Cena mezoterapii mikroig\u0142owej na jedn\u0105 okolic\u0119 cia\u0142a &#8211; 300 z\u0142.<\/p>\n<p>&nbsp;<\/p>\n<p>&nbsp;<\/p>\n<p>&nbsp;<\/p>\n<p>Najcz\u0119\u015bciej zadawane pytania:<\/p>\n<ul>\n<li class=\"JlqpRe\"><span class=\"JCzEY ZwRhJd\"><span class=\"CSkcDe\">Czy jeden zabieg mezoterapii ma sens?<\/span><\/span><\/li>\n<\/ul>\n<p>Najbardziej skuteczne i zadowalaj\u0105ce efekty otrzymamy po wykonaniu serii 4-6 zabieg\u00f3w powtarzanych w odst\u0119pach 2\/4 tygodniowych w zale\u017cno\u015bci od typu sk\u00f3ry. Wykonanie serii zabieg\u00f3w owocuje popraw\u0105 strukturaln\u0105 i funkcjonaln\u0105 sk\u00f3ry. Nast\u0119puje zwi\u0119kszenie napi\u0119cia i elastyczno\u015bci, pogrubienie nask\u00f3rka.<\/p>\n<ul>\n<li>Po jakim czasie wida\u0107 efekty mezoterapii?<\/li>\n<\/ul>\n<p>Pierwszych efekt\u00f3w mo\u017cna si\u0119 spodziewa\u0107 po kilkunastu dniach. W tym czasie odczuwalne jest lekkie napi\u0119cie sk\u00f3ry. Staje si\u0119 ona roz\u015bwietlona i nabiera blasku. W kolejnych tygodniach powstaj\u0105 nowe kom\u00f3rki w\u0142\u00f3kien kolagenowych i elastyny, co wi\u0105\u017ce si\u0119 z zwi\u0119kszeniem elastyczno\u015bci i napi\u0119cia, a tak\u017ce g\u0119sto\u015bci struktury sk\u00f3ry. Dla wzmocnienia efekt\u00f3w konieczna jest seria zabiegowa. Odm\u0142odzenie: 6-8 zabieg\u00f3w co 4 tygodnie, rozst\u0119py: 4-8 zabieg\u00f3w co 4-6 tygodni.<\/p>\n<ul>\n<li>\n<div class=\"JlqpRe\"><span class=\"JCzEY ZwRhJd\"><span class=\"CSkcDe\">Czego nie wolno robi\u0107 po mezoterapii mikroig\u0142owej?<\/span><\/span><\/div>\n<\/li>\n<\/ul>\n<p>Po zabiegu bardzo istotne jest, by stosowa\u0107 si\u0119 do zalece\u0144 kosmetologa, aby procesy naprawcze w sk\u00f3rze przebiega\u0142y bez komplikacji. Przez okres 4 tygodni nie opala\u0107 sk\u00f3ry (na s\u0142o\u0144cu lub solarium). Unika\u0107 sauny, basenu oraz intensywnych \u0107wicze\u0144 fizycznych. Przez tydzie\u0144 po mezoterapii, nale\u017cy odstawi\u0107 substancje o dzia\u0142aniu z\u0142uszczaj\u0105cym i preparaty do depilacji. Warto pami\u0119ta\u0107 o kremach ochronnych z filtrem ochronnym o wysokim SPF (30\/50),\u00a0 aby unikn\u0105\u0107 podra\u017cnie\u0144. Pami\u0119taj tak\u017ce o nawil\u017ceniu po zabiegu, stosuj\u0105c preparaty bez zawarto\u015bci alkoholu i sk\u0142adnik\u00f3w dra\u017cni\u0105cych sk\u00f3r\u0119.<\/p>\n<ul>\n<li>\n<div class=\"JlqpRe\"><span class=\"JCzEY ZwRhJd\"><span class=\"CSkcDe\">Co jest lepsze mezoterapia ig\u0142owa czy mikroig\u0142owa?<\/span><\/span><\/div>\n<\/li>\n<\/ul>\n<div class=\"wDYxhc\" lang=\"pl-PL\" data-md=\"61\">\n<div class=\"LGOjhe\" role=\"heading\" data-attrid=\"wa:\/description\" aria-level=\"3\" data-hveid=\"CBIQAA\"><span class=\"ILfuVd\" lang=\"pl\"><span class=\"hgKElc\">Efekt regeneracji i nawil\u017cenia sk\u00f3ry mo\u017cemy osi\u0105gn\u0105\u0107 dzi\u0119ki mezoterapii ig\u0142owej \u2013 podczas tego zabiegu kosmetolog za pomoc\u0105 pistoletu wyposa\u017conego w a\u017c dziewi\u0119\u0107 precyzyjnych igie\u0142ek podaje preparat do nieco g\u0142\u0119bszej warstwy sk\u00f3ry. Natomiast mezoterapia mikroig\u0142owa doskonale sprawdzi si\u0119 na takie zmiany sk\u00f3rne jak blizny czy rozst\u0119py. \u00a0Nie preparat jest tutaj najbardziej istotny, a ilo\u015b\u0107 i g\u0142\u0119boko\u015b\u0107 nak\u0142u\u0107.\u00a0<\/span><\/span>Mikroiniekcje skutkuj\u0105 stanem zapalnym sk\u00f3ry, w nast\u0119pstwie kt\u00f3rego rozpoczynaj\u0105 si\u0119 procesy regeneracji i odnowy struktury sk\u00f3ry.<\/div>\n<\/div>\n<ul>\n<li>Na co pomaga mezoterapia mikroig\u0142owa?<\/li>\n<\/ul>\n<p>Po wykonaniu serii zabieg\u00f3w\u00a0<b>mezoterapii mikroig\u0142owej<\/b>\u00a0mo\u017cemy zaobserwowa\u0107 widoczn\u0105 redukcj\u0119 zmarszczek, popraw\u0119 owalu twarzy. Efektom towarzyszy tak\u017ce wzrost napi\u0119cia oraz wyr\u00f3wnanie kolorytu sk\u00f3ry. W zabiegach na cia\u0142o i nie tylko jedn\u0105 z korzy\u015bci jest redukcja blizn (po przebiegu tr\u0105dziku, pooperacyjnych), a tak\u017ce rozst\u0119p\u00f3w. \u015awietnie sprawdzi si\u0119 przy sk\u00f3rze poszarza\u0142ej, pozbawionej blasku, j\u0119drno\u015bci.<\/p>\n<ul>\n<li>Jak si\u0119 przygotowa\u0107 do mezoterapii mikroig\u0142owej?<\/li>\n<\/ul>\n<p>Tydzie\u0144 przed zabiegiem odradza si\u0119 stanowczo przyjmowania antybiotyk\u00f3w, lek\u00f3w przeciwzapalnych takich jak ibuprofen, aspiryna oraz lek\u00f3w przeciwzakrzepowych.\u00a0<b>Nie wskazane<\/b>\u00a0jest tak\u017ce spo\u017cywanie alkoholu oraz opalanie si\u0119 przed zabiegiem, co mog\u0142oby podra\u017cni\u0107 sk\u00f3r\u0119. Po zabiegu\u00a0<b>mezoterapii<\/b>\u00a0<strong>mikroig\u0142owej<\/strong>\u00a0nale\u017cy pami\u0119ta\u0107 o kremie z filtrem ochronnym SPF50.<\/p>\n<ul>\n<li>\n<div class=\"JlqpRe\"><span class=\"JCzEY ZwRhJd\"><span class=\"CSkcDe\">Czy mezoterapia jest niebezpieczna?<\/span><\/span><\/div>\n<\/li>\n<\/ul>\n<p>Mo\u017ce wydawa\u0107 si\u0119, \u017ce zabieg jest niebezpieczny zwa\u017cywszy na iniekcyjne uszkodzenia sk\u00f3ry. Nic bardziej mylnego! Terapia ma pozytywny wp\u0142yw na sk\u00f3r\u0119, zdecydowanie poprawia jej kondycj\u0119. Posiada r\u00f3wnie\u017c intensywne dzia\u0142anie anti-aging. Przynosi niesamowite rezultaty, je\u015bli tylko wykonywana jest przez osoby wyspecjalizowane, zgodnie z obowi\u0105zuj\u0105cymi zasadami, z pomoc\u0105 odpowiednich preparat\u00f3w.<\/p>\n<ul>\n<li>\n<div class=\"JlqpRe\">Ile kosztuje zabieg mezoterapii mikroig\u0142owej?<\/div>\n<\/li>\n<\/ul>\n<p>W zale\u017cno\u015bci od partii koszt zabiegu mo\u017ce nieznacznie si\u0119 r\u00f3\u017cni\u0107. M\u00f3wi\u0105c o zabiegu na twarz jest to kwota 350 z\u0142, zabieg na 1 parti\u0119 cia\u0142a to 300. Najlepszym rozwi\u0105zaniem jest pakiet za 1600 z\u0142 na pi\u0119\u0107 zabieg\u00f3w mezoterpii mikroig\u0142owej na twarz, szyj\u0119 i dekolt.<\/p>\n<ul>\n<li>\n<div class=\"JlqpRe\">Czy po mezoterapii mikroig\u0142owej schodzi sk\u00f3ra?<\/div>\n<\/li>\n<\/ul>\n<p>Po zabiegu mezoterapii mikroig\u0142owej mo\u017ce wyst\u0105pi\u0107 zaczerwienienie, niewielki obrz\u0119k lub punktowe krwawienie, kt\u00f3re zazwyczaj ust\u0119puj\u0105 w ci\u0105gu kilku godzin do kilku dni. Rzadziej, ale w niekt\u00f3rych przypadkach, mo\u017ce doj\u015b\u0107 do z\u0142uszczania si\u0119 sk\u00f3ry. Mo\u017ce by\u0107 to spowodowane reakcj\u0105 sk\u00f3ry na sam\u0105 procedur\u0119 lub na wprowadzone substancje aktywne. Sk\u00f3ra mo\u017ce reagowa\u0107 poprzez odrzucenie martwego nask\u00f3rka i pobudzenie procesu odnowy kom\u00f3rkowej, co prowadzi do z\u0142uszczania si\u0119 sk\u00f3ry i odkrycia zdrowszej i bardziej promiennej warstwy sk\u00f3ry.<\/p>\n<ul>\n<li>Czy dermapen usunie rozst\u0119py?<\/li>\n<\/ul>\n<p>Zabieg Dermapen, znany r\u00f3wnie\u017c jako mezoterapia mikroig\u0142owa, jest jedn\u0105 z metod stosowanych w celu redukcji rozst\u0119p\u00f3w. W trakcie tego zabiegu drobne ig\u0142y penetruj\u0105 sk\u00f3r\u0119, powoduj\u0105c mikrouszkodzenia. Ten proces stymuluje naturaln\u0105 regeneracj\u0119 sk\u00f3ry i produkcj\u0119 kolagenu, co prowadzi do poprawy jej struktury i kondycji.<\/p>\n<p>Zapisz si\u0119 na zabieg telefonicznie pod numerem 505 455 777 lub <a href=\"https:\/\/instytut27.booksy.com\" target=\"_blank\" rel=\"noopener noreferrer\">online<\/a>.<\/p>\n","protected":false},"excerpt":{"rendered":"<p>Redukcja rozst\u0119p\u00f3w \u2013 Mezoterapia Mikroig\u0142owa Metoda nak\u0142uwania sr\u00f3dsk\u00f3rnego jako zabieg przej\u015bciowy mi\u0119dzy mezoterapi\u0105 bezig\u0142ow\u0105, a ig\u0142ow\u0105 \u0142\u0105czy w sobie najlepsze cechy kosmetologii i medycyny estetycznej. Jest bezbolesna, pobudza i stymuluje nask\u00f3rek, zwi\u0119kszaj\u0105c kilkakrotnie jego przepuszczalno\u015b\u0107. Dzi\u0119ki temu zjawisku jeste\u015bmy w stanie zaaplikowa\u0107 st\u0119\u017cone serum na odpowiedniej g\u0142\u0119boko\u015bci. Birewitalizacji sk\u00f3ry nast\u0119puje w naturalny spos\u00f3b pobudzaj\u0105c j\u0105 [&hellip;]<\/p>\n","protected":false},"author":6,"featured_media":0,"parent":110,"menu_order":0,"comment_status":"open","ping_status":"open","template":"","meta":{"_uf_show_specific_survey":0,"_uf_disable_surveys":false,"__cvm_playback_settings":[],"__cvm_video_id":"","_glsr_average":0,"_glsr_ranking":0,"_glsr_reviews":0,"footnotes":""},"class_list":["post-1010","page","type-page","status-publish","czr-hentry"],"aioseo_notices":[],"_links":{"self":[{"href":"https:\/\/salon-urody.wroclaw.pl\/index.php\/wp-json\/wp\/v2\/pages\/1010","targetHints":{"allow":["GET"]}}],"collection":[{"href":"https:\/\/salon-urody.wroclaw.pl\/index.php\/wp-json\/wp\/v2\/pages"}],"about":[{"href":"https:\/\/salon-urody.wroclaw.pl\/index.php\/wp-json\/wp\/v2\/types\/page"}],"author":[{"embeddable":true,"href":"https:\/\/salon-urody.wroclaw.pl\/index.php\/wp-json\/wp\/v2\/users\/6"}],"replies":[{"embeddable":true,"href":"https:\/\/salon-urody.wroclaw.pl\/index.php\/wp-json\/wp\/v2\/comments?post=1010"}],"version-history":[{"count":0,"href":"https:\/\/salon-urody.wroclaw.pl\/index.php\/wp-json\/wp\/v2\/pages\/1010\/revisions"}],"up":[{"embeddable":true,"href":"https:\/\/salon-urody.wroclaw.pl\/index.php\/wp-json\/wp\/v2\/pages\/110"}],"wp:attachment":[{"href":"https:\/\/salon-urody.wroclaw.pl\/index.php\/wp-json\/wp\/v2\/media?parent=1010"}],"curies":[{"name":"wp","href":"https:\/\/api.w.org\/{rel}","templated":true}]}}